{"id":1159,"date":"2019-11-15T10:20:04","date_gmt":"2019-11-15T13:20:04","guid":{"rendered":"https:\/\/outsidetrip.com\/ar\/?page_id=1159"},"modified":"2026-01-05T17:05:17","modified_gmt":"2026-01-05T16:05:17","slug":"sobre-mi","status":"publish","type":"page","link":"https:\/\/outsidetrip.com\/ar\/sobre-mi\/","title":{"rendered":"SOBRE MI"},"content":{"rendered":"\t\t<div data-elementor-type=\"wp-post\" data-elementor-id=\"1159\" class=\"elementor elementor-1159\" data-elementor-post-type=\"page\">\n\t\t\t\t\t\t<section class=\"elementor-section elementor-top-section elementor-element elementor-element-gykoizu elementor-section-content-top elementor-section-stretched elementor-section-full_width elementor-section-height-default elementor-section-height-default wpr-particle-no wpr-jarallax-no wpr-parallax-no wpr-sticky-section-no wpr-equal-height-no\" data-id=\"gykoizu\" data-element_type=\"section\" data-e-type=\"section\" data-settings=\"{&quot;background_background&quot;:&quot;classic&quot;,&quot;stretch_section&quot;:&quot;section-stretched&quot;}\">\n\t\t\t\t\t\t<div class=\"elementor-container elementor-column-gap-no\">\n\t\t\t\t\t<div class=\"elementor-column elementor-col-50 elementor-top-column elementor-element elementor-element-deozuse\" data-id=\"deozuse\" data-element_type=\"column\" data-e-type=\"column\" data-settings=\"{&quot;background_background&quot;:&quot;classic&quot;}\">\n\t\t\t<div class=\"elementor-widget-wrap elementor-element-populated\">\n\t\t\t\t\t\t<div class=\"elementor-element elementor-element-snheqbl elementor-widget elementor-widget-heading\" data-id=\"snheqbl\" data-element_type=\"widget\" data-e-type=\"widget\" data-widget_type=\"heading.default\">\n\t\t\t\t<div class=\"elementor-widget-container\">\n\t\t\t\t\t<h1 class=\"elementor-heading-title elementor-size-large\">Hola, soy Cecilia!<\/h1>\t\t\t\t<\/div>\n\t\t\t\t<\/div>\n\t\t\t\t<div class=\"elementor-element elementor-element-ymxdmkl elementor-widget elementor-widget-text-editor\" data-id=\"ymxdmkl\" data-element_type=\"widget\" data-e-type=\"widget\" data-widget_type=\"text-editor.default\">\n\t\t\t\t<div class=\"elementor-widget-container\">\n\t\t\t\t\t\t\t\t\t<p>Consultora creativa y directora multimedia con estudios de Dise\u00f1o Gr\u00e1fico, Dise\u00f1o Audiovisual, Direcci\u00f3n y Producci\u00f3n Teatral, con experiencia en dise\u00f1o industrial y cine&#8230; <span class=\"s1\">\u00a0\u201cViajera&#8221; inquieta y observadora calificada, <\/span><span class=\"s1\">buscando constantemente esa chispa que hace a cada persona diferente.<\/span><\/p>\t\t\t\t\t\t\t\t<\/div>\n\t\t\t\t<\/div>\n\t\t\t\t<div class=\"elementor-element elementor-element-xmomsdn elementor-widget elementor-widget-text-editor\" data-id=\"xmomsdn\" data-element_type=\"widget\" data-e-type=\"widget\" data-widget_type=\"text-editor.default\">\n\t\t\t\t<div class=\"elementor-widget-container\">\n\t\t\t\t\t\t\t\t\t<p class=\"p1\"><span class=\"s1\">Todos tenemos un don que nos permite hacer algo especial. Cuando las personas son conscientes de su propio poder, brillan m\u00e1s y pueden conectarse con todo el mundo de una manera m\u00e1s significativa.<\/span><\/p><p class=\"p1\"><span class=\"s1\">Ser parte de este cambio es mi motivaci\u00f3n. Me hace feliz trabajar con seres de luz que ayudan a otros en su crecimiento personal, co-creando as\u00ed tambi\u00e9n una nueva realidad en consciencia.<br \/><\/span><\/p>\t\t\t\t\t\t\t\t<\/div>\n\t\t\t\t<\/div>\n\t\t\t\t<div class=\"elementor-element elementor-element-8f18683 e-grid-align-left elementor-shape-rounded elementor-grid-0 elementor-widget elementor-widget-social-icons\" data-id=\"8f18683\" data-element_type=\"widget\" data-e-type=\"widget\" data-widget_type=\"social-icons.default\">\n\t\t\t\t<div class=\"elementor-widget-container\">\n\t\t\t\t\t\t\t<div class=\"elementor-social-icons-wrapper elementor-grid\">\n\t\t\t\t\t\t\t<span class=\"elementor-grid-item\">\n\t\t\t\t\t<a class=\"elementor-icon elementor-social-icon elementor-social-icon-linkedin elementor-animation-bounce-in elementor-repeater-item-cc1d27f\" href=\"https:\/\/www.linkedin.com\/in\/cecilia-silberman-192374119\/\" target=\"_blank\" rel=\"noopener\">\n\t\t\t\t\t\t<span class=\"elementor-screen-only\">Linkedin<\/span>\n\t\t\t\t\t\t<i aria-hidden=\"true\" class=\"fab fa-linkedin\"><\/i>\t\t\t\t\t<\/a>\n\t\t\t\t<\/span>\n\t\t\t\t\t<\/div>\n\t\t\t\t\t\t<\/div>\n\t\t\t\t<\/div>\n\t\t\t\t\t<\/div>\n\t\t<\/div>\n\t\t\t\t<div class=\"elementor-column elementor-col-50 elementor-top-column elementor-element elementor-element-iwbemqj\" data-id=\"iwbemqj\" data-element_type=\"column\" data-e-type=\"column\" data-settings=\"{&quot;background_background&quot;:&quot;classic&quot;}\">\n\t\t\t<div class=\"elementor-widget-wrap elementor-element-populated\">\n\t\t\t\t\t\t<div class=\"elementor-element elementor-element-dxvspfo elementor-widget elementor-widget-image\" data-id=\"dxvspfo\" data-element_type=\"widget\" data-e-type=\"widget\" data-widget_type=\"image.default\">\n\t\t\t\t<div class=\"elementor-widget-container\">\n\t\t\t\t\t\t\t\t\t\t\t\t\t\t\t<img fetchpriority=\"high\" decoding=\"async\" width=\"768\" height=\"768\" src=\"https:\/\/outsidetrip.com\/ar\/wp-content\/uploads\/sites\/2\/1762-ce-mariposa-R-768x768.jpg\" class=\"attachment-medium_large size-medium_large wp-image-312\" alt=\"shine\" srcset=\"https:\/\/outsidetrip.com\/ar\/wp-content\/uploads\/sites\/2\/1762-ce-mariposa-R-768x768.jpg 768w, https:\/\/outsidetrip.com\/ar\/wp-content\/uploads\/sites\/2\/1762-ce-mariposa-R-150x150.jpg 150w, https:\/\/outsidetrip.com\/ar\/wp-content\/uploads\/sites\/2\/1762-ce-mariposa-R-300x300.jpg 300w, https:\/\/outsidetrip.com\/ar\/wp-content\/uploads\/sites\/2\/1762-ce-mariposa-R-1024x1024.jpg 1024w\" sizes=\"(max-width: 768px) 100vw, 768px\" \/>\t\t\t\t\t\t\t\t\t\t\t\t\t\t\t<\/div>\n\t\t\t\t<\/div>\n\t\t\t\t\t<\/div>\n\t\t<\/div>\n\t\t\t\t\t<\/div>\n\t\t<\/section>\n\t\t\t\t<section class=\"elementor-section elementor-top-section elementor-element elementor-element-3c79891e elementor-section-stretched elementor-section-full_width elementor-section-height-default elementor-section-height-default wpr-particle-no wpr-jarallax-no wpr-parallax-no wpr-sticky-section-no wpr-equal-height-no\" data-id=\"3c79891e\" data-element_type=\"section\" data-e-type=\"section\" data-settings=\"{&quot;stretch_section&quot;:&quot;section-stretched&quot;,&quot;background_background&quot;:&quot;classic&quot;}\">\n\t\t\t\t\t\t\t<div class=\"elementor-background-overlay\"><\/div>\n\t\t\t\t\t\t\t<div class=\"elementor-container elementor-column-gap-default\">\n\t\t\t\t\t<div class=\"elementor-column elementor-col-16 elementor-top-column elementor-element elementor-element-1a75cba9\" data-id=\"1a75cba9\" data-element_type=\"column\" data-e-type=\"column\" data-settings=\"{&quot;background_background&quot;:&quot;classic&quot;}\">\n\t\t\t<div class=\"elementor-widget-wrap\">\n\t\t\t\t\t\t\t<\/div>\n\t\t<\/div>\n\t\t\t\t<div class=\"elementor-column elementor-col-66 elementor-top-column elementor-element elementor-element-6971425a\" data-id=\"6971425a\" data-element_type=\"column\" data-e-type=\"column\" data-settings=\"{&quot;background_background&quot;:&quot;classic&quot;}\">\n\t\t\t<div class=\"elementor-widget-wrap elementor-element-populated\">\n\t\t\t\t\t\t<div class=\"elementor-element elementor-element-2c8208ee elementor-widget elementor-widget-text-editor\" data-id=\"2c8208ee\" data-element_type=\"widget\" data-e-type=\"widget\" data-widget_type=\"text-editor.default\">\n\t\t\t\t<div class=\"elementor-widget-container\">\n\t\t\t\t\t\t\t\t\t<p>\u00bfPor qu\u00e9 outsidetrip?<\/p>\t\t\t\t\t\t\t\t<\/div>\n\t\t\t\t<\/div>\n\t\t\t\t<div class=\"elementor-element elementor-element-7b143a7f elementor-widget elementor-widget-text-editor\" data-id=\"7b143a7f\" data-element_type=\"widget\" data-e-type=\"widget\" data-widget_type=\"text-editor.default\">\n\t\t\t\t<div class=\"elementor-widget-container\">\n\t\t\t\t\t\t\t\t\t<p class=\"p1\"><span class=\"s1\">Outsidetrip es el resultado de un viaje interior que me llev\u00f3 a viajar conect\u00e1ndome con todo tipo de personas y lugares, preocup\u00e1ndome m\u00e1s por su necesidad de conectarse con ellos mismos y con el mundo que los rodea.<\/span><\/p>\n<p class=\"p1\"><span class=\"s1\">Desde mis comienzos he trabajado de manera independiente en el mundo corporativo, dise\u00f1ando todo tipo de piezas de comunicaci\u00f3n (gr\u00e1fica e industrial) para grandes empresas internacionales.<br><\/span><\/p>\n<p class=\"p1\"><span class=\"s1\">Con el transcurso de los a\u00f1os, me di cuenta de la importancia de disfrutar de la vida &#8220;un d\u00eda a la vez&#8221; combinando trabajo y ocio, as\u00ed que comenc\u00e9 a trabajar mientras viajaba, ayudando a peque\u00f1os y medianos emprendedores de cualquier parte del mundo, aportando mi experiencia como emprendedora.<\/span><\/p>\n<p class=\"p1\"><span class=\"s1\">En este camino, fui desarrollando naturalmente una manera de combinar mis estudios en Dise\u00f1o Gr\u00e1fico, Dise\u00f1o Audiovisual y mi pasi\u00f3n por dirigir actores y equipos de trabajo, con la posibilidad de ayudar a los dem\u00e1s a encontrar su \u201cllamado interior\u201d, ayudarlos a ser conscientes de sus dones para crear un impacto positivo en el mundo haciendo lo que realmente aman.<\/span><\/p>\n<p class=\"p1\"><span class=\"s1\">Todos somos parte de un gran rompecabezas contribuyendo a un prop\u00f3sito colectivo m\u00e1s grande que nosotros mismos. Por eso quisiera saber m\u00e1s sobre vos y descubrir cuales son tus talentos, tus \u201cdones&#8221;&#8230;esos que quiz\u00e1s no te has animado a explorar o simplemente a\u00fan no te has permitido mostrar al mundo.<br><\/span><\/p>\n<p class=\"p1\"><span class=\"s1\">Puedo ayudarte a reconocerte, a conectar tu ser y la esencia de tu marca con tu cliente ideal.<\/span><\/p>\n<p class=\"p1\"><span class=\"s1\">Me encantar\u00eda trabajar juntos, poder reflejar tu brillo en la identidad de tu emprendimiento y ver c\u00f3mo tu proyecto se convierte en un negocio consciente, con alma.<\/span><\/p>\t\t\t\t\t\t\t\t<\/div>\n\t\t\t\t<\/div>\n\t\t\t\t<div class=\"elementor-element elementor-element-cfa5c21 elementor-align-center elementor-widget elementor-widget-button\" data-id=\"cfa5c21\" data-element_type=\"widget\" data-e-type=\"widget\" data-widget_type=\"button.default\">\n\t\t\t\t<div class=\"elementor-widget-container\">\n\t\t\t\t\t\t\t\t\t<div class=\"elementor-button-wrapper\">\n\t\t\t\t\t<a class=\"elementor-button elementor-button-link elementor-size-sm elementor-animation-bounce-in\" href=\"https:\/\/outsidetrip.com\/ar\/sesion-gratuita-online\/\">\n\t\t\t\t\t\t<span class=\"elementor-button-content-wrapper\">\n\t\t\t\t\t\t\t\t\t<span class=\"elementor-button-text\">SESI\u00d3N GRATIS PARA DAR EL PRIMER PASO AL \u00c9XITO<\/span>\n\t\t\t\t\t<\/span>\n\t\t\t\t\t<\/a>\n\t\t\t\t<\/div>\n\t\t\t\t\t\t\t\t<\/div>\n\t\t\t\t<\/div>\n\t\t\t\t\t<\/div>\n\t\t<\/div>\n\t\t\t\t<div class=\"elementor-column elementor-col-16 elementor-top-column elementor-element elementor-element-30ae631b\" data-id=\"30ae631b\" data-element_type=\"column\" data-e-type=\"column\" data-settings=\"{&quot;background_background&quot;:&quot;classic&quot;}\">\n\t\t\t<div class=\"elementor-widget-wrap\">\n\t\t\t\t\t\t\t<\/div>\n\t\t<\/div>\n\t\t\t\t\t<\/div>\n\t\t<\/section>\n\t\t\t\t<\/div>\n\t\t","protected":false},"excerpt":{"rendered":"<p>Hola, soy Cecilia! Consultora creativa y directora multimedia con estudios de Dise\u00f1o Gr\u00e1fico, Dise\u00f1o Audiovisual, Direcci\u00f3n y Producci\u00f3n Teatral, con experiencia en dise\u00f1o industrial y cine&#8230; \u00a0\u201cViajera&#8221; inquieta y observadora calificada, buscando constantemente esa chispa que hace a cada persona diferente. Todos tenemos un don que nos permite hacer algo especial. Cuando las personas son conscientes de su propio poder, brillan m\u00e1s y pueden conectarse con todo el mundo de una manera m\u00e1s significativa. Ser parte de este cambio es mi motivaci\u00f3n. Me hace feliz trabajar con seres de luz que ayudan a otros en su crecimiento personal, co-creando as\u00ed tambi\u00e9n una nueva realidad en consciencia. Linkedin \u00bfPor qu\u00e9 outsidetrip? Outsidetrip es el resultado de un viaje interior que me llev\u00f3 a viajar conect\u00e1ndome con todo tipo de personas y lugares, preocup\u00e1ndome m\u00e1s por su necesidad de conectarse con ellos mismos y con el mundo que los rodea. Desde mis comienzos he trabajado de manera independiente en el mundo corporativo, dise\u00f1ando todo tipo de piezas de comunicaci\u00f3n (gr\u00e1fica e industrial) para grandes empresas internacionales. Con el transcurso de los a\u00f1os, me di cuenta de la importancia de disfrutar de la vida &#8220;un d\u00eda a la vez&#8221; combinando trabajo y ocio, as\u00ed que comenc\u00e9 a trabajar mientras viajaba, ayudando a peque\u00f1os y medianos emprendedores de cualquier parte del mundo, aportando mi experiencia como emprendedora. En este camino, fui desarrollando naturalmente una manera de combinar mis estudios en Dise\u00f1o Gr\u00e1fico, Dise\u00f1o Audiovisual y mi pasi\u00f3n por dirigir actores y equipos de trabajo, con la posibilidad de ayudar a los dem\u00e1s a encontrar su \u201cllamado interior\u201d, ayudarlos a ser conscientes de sus dones para crear un impacto positivo en el mundo haciendo lo que realmente aman. Todos somos parte de un gran rompecabezas contribuyendo a un prop\u00f3sito colectivo m\u00e1s grande que nosotros mismos. Por eso quisiera saber m\u00e1s sobre vos y descubrir cuales son tus talentos, tus \u201cdones&#8221;&#8230;esos que quiz\u00e1s no te has animado a explorar o simplemente a\u00fan no te has permitido mostrar al mundo. Puedo ayudarte a reconocerte, a conectar tu ser y la esencia de tu marca con tu cliente ideal. Me encantar\u00eda trabajar juntos, poder reflejar tu brillo en la identidad de tu emprendimiento y ver c\u00f3mo tu proyecto se convierte en un negocio consciente, con alma. SESI\u00d3N GRATIS PARA DAR EL PRIMER PASO AL \u00c9XITO<\/p>\n","protected":false},"author":1,"featured_media":0,"parent":0,"menu_order":1,"comment_status":"closed","ping_status":"closed","template":"elementor_header_footer","meta":{"_acf_changed":false,"footnotes":""},"class_list":["post-1159","page","type-page","status-publish","hentry"],"acf":[],"_links":{"self":[{"href":"https:\/\/outsidetrip.com\/ar\/wp-json\/wp\/v2\/pages\/1159","targetHints":{"allow":["GET"]}}],"collection":[{"href":"https:\/\/outsidetrip.com\/ar\/wp-json\/wp\/v2\/pages"}],"about":[{"href":"https:\/\/outsidetrip.com\/ar\/wp-json\/wp\/v2\/types\/page"}],"author":[{"embeddable":true,"href":"https:\/\/outsidetrip.com\/ar\/wp-json\/wp\/v2\/users\/1"}],"replies":[{"embeddable":true,"href":"https:\/\/outsidetrip.com\/ar\/wp-json\/wp\/v2\/comments?post=1159"}],"version-history":[{"count":71,"href":"https:\/\/outsidetrip.com\/ar\/wp-json\/wp\/v2\/pages\/1159\/revisions"}],"predecessor-version":[{"id":4306,"href":"https:\/\/outsidetrip.com\/ar\/wp-json\/wp\/v2\/pages\/1159\/revisions\/4306"}],"wp:attachment":[{"href":"https:\/\/outsidetrip.com\/ar\/wp-json\/wp\/v2\/media?parent=1159"}],"curies":[{"name":"wp","href":"https:\/\/api.w.org\/{rel}","templated":true}]}}