{"id":2445,"date":"2023-02-03T12:48:49","date_gmt":"2023-02-03T15:48:49","guid":{"rendered":"https:\/\/outsidetrip.com\/ar\/?post_type=product&#038;p=2445"},"modified":"2023-10-05T09:57:40","modified_gmt":"2023-10-05T07:57:40","slug":"auditoria-web","status":"publish","type":"product","link":"https:\/\/outsidetrip.com\/ar\/product\/auditoria-web\/","title":{"rendered":"AUDITORIA WEB (3 sesiones)"},"content":{"rendered":"<p>Luego de esta auditor\u00eda sabr\u00e1s que cosas deber\u00e1s modificar en tu web para alcanzar tus objetivos de comunicaci\u00f3n y llegar a tu p\u00fablico objetivo. Te ofrecer\u00e9 ideas para tu plan de acci\u00f3n.<\/p>\n","protected":false},"excerpt":{"rendered":"<p><strong><em>Duraci\u00f3n: 225 minutos (3 sesiones de 75 minutos cada una)<\/em><br \/>\n<\/strong><\/p>\n<p style=\"background: white; vertical-align: baseline; margin: 0in 0in 21.0pt 0in;\"><span style=\"font-family: 'Open Sans'; color: black;\">\u00bfSab\u00edas que la mayor\u00eda de los sitios web tienen problemas de comunicaci\u00f3n y esto hace que los emprendimientos pierdan posibles clientes online?<\/span><\/p>\n<p style=\"background: white; vertical-align: baseline; margin: 0in 0in 21.0pt 0in;\"><span style=\"font-family: 'Open Sans'; color: black;\">Tu emprendimiento, as\u00ed como vos, evoluciona d\u00eda a d\u00eda. Asegurate que tu web te represente y cumpla su cometido&#8230; Solicit\u00e1 esta auditor\u00eda para ver posibles fallas de comunicaci\u00f3n de tu sitio web y as\u00ed poder pensar un plan de acci\u00f3n basado en las necesidades actuales de tu emprendimiento.<\/span><\/p>\n","protected":false},"featured_media":2754,"comment_status":"closed","ping_status":"closed","template":"","meta":{"_acf_changed":false},"product_brand":[],"product_cat":[27],"product_tag":[28,32,29],"class_list":{"0":"post-2445","1":"product","2":"type-product","3":"status-publish","4":"has-post-thumbnail","6":"product_cat-auditoria","7":"product_tag-auditoria","8":"product_tag-presencia-online","9":"product_tag-web","11":"first","12":"instock","13":"virtual","14":"taxable","15":"purchasable","16":"product-type-simple"},"acf":[],"_links":{"self":[{"href":"https:\/\/outsidetrip.com\/ar\/wp-json\/wp\/v2\/product\/2445","targetHints":{"allow":["GET"]}}],"collection":[{"href":"https:\/\/outsidetrip.com\/ar\/wp-json\/wp\/v2\/product"}],"about":[{"href":"https:\/\/outsidetrip.com\/ar\/wp-json\/wp\/v2\/types\/product"}],"replies":[{"embeddable":true,"href":"https:\/\/outsidetrip.com\/ar\/wp-json\/wp\/v2\/comments?post=2445"}],"wp:featuredmedia":[{"embeddable":true,"href":"https:\/\/outsidetrip.com\/ar\/wp-json\/wp\/v2\/media\/2754"}],"wp:attachment":[{"href":"https:\/\/outsidetrip.com\/ar\/wp-json\/wp\/v2\/media?parent=2445"}],"wp:term":[{"taxonomy":"product_brand","embeddable":true,"href":"https:\/\/outsidetrip.com\/ar\/wp-json\/wp\/v2\/product_brand?post=2445"},{"taxonomy":"product_cat","embeddable":true,"href":"https:\/\/outsidetrip.com\/ar\/wp-json\/wp\/v2\/product_cat?post=2445"},{"taxonomy":"product_tag","embeddable":true,"href":"https:\/\/outsidetrip.com\/ar\/wp-json\/wp\/v2\/product_tag?post=2445"}],"curies":[{"name":"wp","href":"https:\/\/api.w.org\/{rel}","templated":true}]}}