{"id":2480,"date":"2023-03-20T14:37:26","date_gmt":"2023-03-20T13:37:26","guid":{"rendered":"https:\/\/outsidetrip.com\/ar\/?post_type=product&#038;p=2480"},"modified":"2026-01-05T16:43:22","modified_gmt":"2026-01-05T15:43:22","slug":"shine-mentoria-personalizada","status":"publish","type":"product","link":"https:\/\/outsidetrip.com\/ar\/product\/shine-mentoria-personalizada\/","title":{"rendered":"SHINE (Brilla) \u2022  Mentor\u00eda personalizada (5 sesiones)"},"content":{"rendered":"","protected":false},"excerpt":{"rendered":"<p><strong>PROGRAMA INDIVIDUAL ONLINE<br \/>\n<\/strong><\/p>\n<p><em><strong>Duraci\u00f3n: 300 minutos (5 sesiones de 60 minutos cada una) en el transcurso de 5 semanas<\/strong><br \/>\n<\/em><\/p>\n<p><span style=\"font-family: verdana, geneva, sans-serif;\"><strong>Comenz\u00e1 tu emprendimiento con una base firme, con el apoyo personalizado que necesit\u00e1s.<\/strong><\/span><\/p>\n<p><span style=\"font-family: verdana, geneva, sans-serif;\">Con esta mentor\u00eda aprender\u00e1s a reconocer tu brillo, a manifestarlo en tus proyectos y a conectar mejor con tu p\u00fablico ideal.<\/span><\/p>\n<p><span style=\"font-family: verdana, geneva, sans-serif;\">Vos brill\u00e1s&#8230; Entonces vamos a mostrarlo!<\/span><\/p>\n<p>&nbsp;<\/p>\n","protected":false},"featured_media":2496,"comment_status":"closed","ping_status":"closed","template":"","meta":{"_acf_changed":false},"product_brand":[],"product_cat":[33],"product_tag":[35],"class_list":{"0":"post-2480","1":"product","2":"type-product","3":"status-publish","4":"has-post-thumbnail","6":"product_cat-mentoria","7":"product_tag-mentoria-personalizada","9":"first","10":"instock","11":"sale","12":"virtual","13":"taxable","14":"purchasable","15":"product-type-simple"},"acf":[],"_links":{"self":[{"href":"https:\/\/outsidetrip.com\/ar\/wp-json\/wp\/v2\/product\/2480","targetHints":{"allow":["GET"]}}],"collection":[{"href":"https:\/\/outsidetrip.com\/ar\/wp-json\/wp\/v2\/product"}],"about":[{"href":"https:\/\/outsidetrip.com\/ar\/wp-json\/wp\/v2\/types\/product"}],"replies":[{"embeddable":true,"href":"https:\/\/outsidetrip.com\/ar\/wp-json\/wp\/v2\/comments?post=2480"}],"wp:featuredmedia":[{"embeddable":true,"href":"https:\/\/outsidetrip.com\/ar\/wp-json\/wp\/v2\/media\/2496"}],"wp:attachment":[{"href":"https:\/\/outsidetrip.com\/ar\/wp-json\/wp\/v2\/media?parent=2480"}],"wp:term":[{"taxonomy":"product_brand","embeddable":true,"href":"https:\/\/outsidetrip.com\/ar\/wp-json\/wp\/v2\/product_brand?post=2480"},{"taxonomy":"product_cat","embeddable":true,"href":"https:\/\/outsidetrip.com\/ar\/wp-json\/wp\/v2\/product_cat?post=2480"},{"taxonomy":"product_tag","embeddable":true,"href":"https:\/\/outsidetrip.com\/ar\/wp-json\/wp\/v2\/product_tag?post=2480"}],"curies":[{"name":"wp","href":"https:\/\/api.w.org\/{rel}","templated":true}]}}