{"id":2645,"date":"2023-03-05T16:02:15","date_gmt":"2023-03-05T15:02:15","guid":{"rendered":"https:\/\/outsidetrip.com\/ar\/?post_type=product&#038;p=2645"},"modified":"2025-05-04T15:08:21","modified_gmt":"2025-05-04T13:08:21","slug":"hora-extra-auditoria-consultoria","status":"publish","type":"product","link":"https:\/\/outsidetrip.com\/ar\/product\/hora-extra-auditoria-consultoria\/","title":{"rendered":"HORA EXTRA de AUDITORIA o CONSULTORIA"},"content":{"rendered":"","protected":false},"excerpt":{"rendered":"<p><span style=\"font-size: 12pt;\"><em><strong>1 sesi\u00f3n de 60 minutos<\/strong><\/em><\/span><\/p>\n<p>Sesi\u00f3n extra en caso que desees seguimiento de una auditor\u00eda o consultor\u00eda previa para ampliar el desarrollo de tu comunicaci\u00f3n visual.<\/p>\n","protected":false},"featured_media":2761,"comment_status":"closed","ping_status":"closed","template":"","meta":{"_acf_changed":false},"product_brand":[],"product_cat":[27,37],"product_tag":[28,32,29],"class_list":{"0":"post-2645","1":"product","2":"type-product","3":"status-publish","4":"has-post-thumbnail","6":"product_cat-auditoria","7":"product_cat-consultoria","8":"product_tag-auditoria","9":"product_tag-presencia-online","10":"product_tag-web","12":"first","13":"instock","14":"virtual","15":"taxable","16":"purchasable","17":"product-type-simple"},"acf":[],"_links":{"self":[{"href":"https:\/\/outsidetrip.com\/ar\/wp-json\/wp\/v2\/product\/2645","targetHints":{"allow":["GET"]}}],"collection":[{"href":"https:\/\/outsidetrip.com\/ar\/wp-json\/wp\/v2\/product"}],"about":[{"href":"https:\/\/outsidetrip.com\/ar\/wp-json\/wp\/v2\/types\/product"}],"replies":[{"embeddable":true,"href":"https:\/\/outsidetrip.com\/ar\/wp-json\/wp\/v2\/comments?post=2645"}],"wp:featuredmedia":[{"embeddable":true,"href":"https:\/\/outsidetrip.com\/ar\/wp-json\/wp\/v2\/media\/2761"}],"wp:attachment":[{"href":"https:\/\/outsidetrip.com\/ar\/wp-json\/wp\/v2\/media?parent=2645"}],"wp:term":[{"taxonomy":"product_brand","embeddable":true,"href":"https:\/\/outsidetrip.com\/ar\/wp-json\/wp\/v2\/product_brand?post=2645"},{"taxonomy":"product_cat","embeddable":true,"href":"https:\/\/outsidetrip.com\/ar\/wp-json\/wp\/v2\/product_cat?post=2645"},{"taxonomy":"product_tag","embeddable":true,"href":"https:\/\/outsidetrip.com\/ar\/wp-json\/wp\/v2\/product_tag?post=2645"}],"curies":[{"name":"wp","href":"https:\/\/api.w.org\/{rel}","templated":true}]}}