{"id":2673,"date":"2023-02-24T18:55:01","date_gmt":"2023-02-24T21:55:01","guid":{"rendered":"https:\/\/outsidetrip.com\/ar\/?post_type=product&#038;p=2673"},"modified":"2023-10-05T09:57:04","modified_gmt":"2023-10-05T07:57:04","slug":"auditoria-redes","status":"publish","type":"product","link":"https:\/\/outsidetrip.com\/ar\/product\/auditoria-redes\/","title":{"rendered":"AUDITORIA REDES (3 sesiones)"},"content":{"rendered":"<p>Auditor\u00eda de tu sitio web para comprobar que est\u00e9 funcionando siguiendo una estrategia y que est\u00e9 cumpliendo con su cometido, comunicando correctamente a tu p\u00fablico objetivo.<\/p>\n<p>Si u web es USER-friendly.<\/p>\n<p>Ideas para tu plan de acci\u00f3n&#8230; etc etc<\/p>\n<p>&nbsp;<\/p>\n","protected":false},"excerpt":{"rendered":"<p><strong><em>Duraci\u00f3n: 225 minutos (3 sesiones de 75 minutos cada una)<\/em><br \/>\n<\/strong><\/p>\n<p><strong>\u00bfSab\u00edas que la gran mayor\u00eda de los perfiles laborales en las redes sociales no son funcionales y la mayor\u00eda de las veces eso juega en contra de dichos emprendimientos?<\/strong><\/p>\n<p>Solicit\u00e1 la auditor\u00eda de tus redes sociales para ver posibles fallas de tu comunicaci\u00f3n y as\u00ed poder perfilar un plan de acci\u00f3n basado en las necesidades de tu emprendimiento seg\u00fan el momento en el que se encuentre.<\/p>\n","protected":false},"featured_media":2760,"comment_status":"closed","ping_status":"closed","template":"","meta":{"_acf_changed":false},"product_brand":[],"product_cat":[27],"product_tag":[28,32,36],"class_list":{"0":"post-2673","1":"product","2":"type-product","3":"status-publish","4":"has-post-thumbnail","6":"product_cat-auditoria","7":"product_tag-auditoria","8":"product_tag-presencia-online","9":"product_tag-redes","11":"first","12":"instock","13":"virtual","14":"taxable","15":"purchasable","16":"product-type-simple"},"acf":[],"_links":{"self":[{"href":"https:\/\/outsidetrip.com\/ar\/wp-json\/wp\/v2\/product\/2673","targetHints":{"allow":["GET"]}}],"collection":[{"href":"https:\/\/outsidetrip.com\/ar\/wp-json\/wp\/v2\/product"}],"about":[{"href":"https:\/\/outsidetrip.com\/ar\/wp-json\/wp\/v2\/types\/product"}],"replies":[{"embeddable":true,"href":"https:\/\/outsidetrip.com\/ar\/wp-json\/wp\/v2\/comments?post=2673"}],"wp:featuredmedia":[{"embeddable":true,"href":"https:\/\/outsidetrip.com\/ar\/wp-json\/wp\/v2\/media\/2760"}],"wp:attachment":[{"href":"https:\/\/outsidetrip.com\/ar\/wp-json\/wp\/v2\/media?parent=2673"}],"wp:term":[{"taxonomy":"product_brand","embeddable":true,"href":"https:\/\/outsidetrip.com\/ar\/wp-json\/wp\/v2\/product_brand?post=2673"},{"taxonomy":"product_cat","embeddable":true,"href":"https:\/\/outsidetrip.com\/ar\/wp-json\/wp\/v2\/product_cat?post=2673"},{"taxonomy":"product_tag","embeddable":true,"href":"https:\/\/outsidetrip.com\/ar\/wp-json\/wp\/v2\/product_tag?post=2673"}],"curies":[{"name":"wp","href":"https:\/\/api.w.org\/{rel}","templated":true}]}}