{"id":3016,"date":"2023-02-20T16:26:52","date_gmt":"2023-02-20T15:26:52","guid":{"rendered":"https:\/\/outsidetrip.com\/ar\/?post_type=product&#038;p=3016"},"modified":"2026-01-05T16:49:13","modified_gmt":"2026-01-05T15:49:13","slug":"consultoria","status":"publish","type":"product","link":"https:\/\/outsidetrip.com\/ar\/product\/consultoria\/","title":{"rendered":"CONSULTORIA (2 sesiones)"},"content":{"rendered":"","protected":false},"excerpt":{"rendered":"<p><strong>\u00bfQUER\u00c9S EMPRENDER Y NO SAB\u00c9S DONDE COMENZAR&#8230; o YA TEN\u00c9S TU EMPRENDIMIENTO FUNCIONANDO PERO NO EST\u00c1 FLUYENDO?<br \/>\n<\/strong><\/p>\n<p><strong>PREGUNTAME LO QUE NECESITES<br \/>\n<\/strong><\/p>\n<p><span style=\"font-size: 12pt;\"><strong><em>Duraci\u00f3n: 240 minutos (2 sesiones de 120 minutos cada una)<\/em><\/strong><\/span><\/p>\n<p style=\"background: white; vertical-align: baseline; margin: 0in 0in 21.0pt 0in;\">En esta consultor\u00eda personalizada hablaremos de las dudas que puedas tener seg\u00fan la etapa en la que est\u00e9 tu emprendimiento y veremos cuales son los pasos que necesit\u00e1s dar para emprender sin miedos en aquello que te apasiona.<\/p>\n<p>&nbsp;<\/p>\n","protected":false},"featured_media":3017,"comment_status":"closed","ping_status":"closed","template":"","meta":{"_acf_changed":false},"product_brand":[],"product_cat":[37],"product_tag":[28,32,29],"class_list":{"0":"post-3016","1":"product","2":"type-product","3":"status-publish","4":"has-post-thumbnail","6":"product_cat-consultoria","7":"product_tag-auditoria","8":"product_tag-presencia-online","9":"product_tag-web","11":"first","12":"instock","13":"sale","14":"virtual","15":"taxable","16":"purchasable","17":"product-type-simple"},"acf":[],"_links":{"self":[{"href":"https:\/\/outsidetrip.com\/ar\/wp-json\/wp\/v2\/product\/3016","targetHints":{"allow":["GET"]}}],"collection":[{"href":"https:\/\/outsidetrip.com\/ar\/wp-json\/wp\/v2\/product"}],"about":[{"href":"https:\/\/outsidetrip.com\/ar\/wp-json\/wp\/v2\/types\/product"}],"replies":[{"embeddable":true,"href":"https:\/\/outsidetrip.com\/ar\/wp-json\/wp\/v2\/comments?post=3016"}],"wp:featuredmedia":[{"embeddable":true,"href":"https:\/\/outsidetrip.com\/ar\/wp-json\/wp\/v2\/media\/3017"}],"wp:attachment":[{"href":"https:\/\/outsidetrip.com\/ar\/wp-json\/wp\/v2\/media?parent=3016"}],"wp:term":[{"taxonomy":"product_brand","embeddable":true,"href":"https:\/\/outsidetrip.com\/ar\/wp-json\/wp\/v2\/product_brand?post=3016"},{"taxonomy":"product_cat","embeddable":true,"href":"https:\/\/outsidetrip.com\/ar\/wp-json\/wp\/v2\/product_cat?post=3016"},{"taxonomy":"product_tag","embeddable":true,"href":"https:\/\/outsidetrip.com\/ar\/wp-json\/wp\/v2\/product_tag?post=3016"}],"curies":[{"name":"wp","href":"https:\/\/api.w.org\/{rel}","templated":true}]}}