{"id":953,"date":"2018-12-14T13:21:29","date_gmt":"2018-12-14T12:21:29","guid":{"rendered":"http:\/\/reise.ceciliasilberman.com\/?page_id=953"},"modified":"2026-01-05T13:05:50","modified_gmt":"2026-01-05T16:05:50","slug":"acerca-de","status":"publish","type":"page","link":"https:\/\/outsidetrip.com\/br\/acerca-de\/","title":{"rendered":"ACERCA DE"},"content":{"rendered":"\t\t<div data-elementor-type=\"wp-post\" data-elementor-id=\"953\" class=\"elementor elementor-953\" data-elementor-post-type=\"page\">\n\t\t\t\t\t\t<section class=\"elementor-section elementor-top-section elementor-element elementor-element-gykoizu elementor-section-content-top elementor-section-stretched elementor-section-full_width elementor-section-height-default elementor-section-height-default wpr-particle-no wpr-jarallax-no wpr-parallax-no wpr-sticky-section-no wpr-equal-height-no\" data-id=\"gykoizu\" data-element_type=\"section\" data-e-type=\"section\" data-settings=\"{&quot;background_background&quot;:&quot;classic&quot;,&quot;stretch_section&quot;:&quot;section-stretched&quot;}\">\n\t\t\t\t\t\t<div class=\"elementor-container elementor-column-gap-no\">\n\t\t\t\t\t<div class=\"elementor-column elementor-col-50 elementor-top-column elementor-element elementor-element-deozuse\" data-id=\"deozuse\" data-element_type=\"column\" data-e-type=\"column\" data-settings=\"{&quot;background_background&quot;:&quot;classic&quot;}\">\n\t\t\t<div class=\"elementor-widget-wrap elementor-element-populated\">\n\t\t\t\t\t\t<div class=\"elementor-element elementor-element-snheqbl elementor-widget elementor-widget-heading\" data-id=\"snheqbl\" data-element_type=\"widget\" data-e-type=\"widget\" data-widget_type=\"heading.default\">\n\t\t\t\t<div class=\"elementor-widget-container\">\n\t\t\t\t\t<h1 class=\"elementor-heading-title elementor-size-large\">Ol\u00e1, sou a Cecilia!<\/h1>\t\t\t\t<\/div>\n\t\t\t\t<\/div>\n\t\t\t\t<div class=\"elementor-element elementor-element-ymxdmkl elementor-widget elementor-widget-text-editor\" data-id=\"ymxdmkl\" data-element_type=\"widget\" data-e-type=\"widget\" data-widget_type=\"text-editor.default\">\n\t\t\t\t<div class=\"elementor-widget-container\">\n\t\t\t\t\t\t\t\t\t<p>Consultora criativa e diretora multim\u00eddia com forma\u00e7\u00e3o em Design Gr\u00e1fico, Design Audiovisual, Dire\u00e7\u00e3o e Produ\u00e7\u00e3o Teatral, com experi\u00eancia em design industrial e cinema&#8230; &#8220;viajante&#8221; e observadora qualificada&#8230; procurando constantemente essa centelha que faz cada pessoa diferente.<\/p>\t\t\t\t\t\t\t\t<\/div>\n\t\t\t\t<\/div>\n\t\t\t\t<div class=\"elementor-element elementor-element-xmomsdn elementor-widget elementor-widget-text-editor\" data-id=\"xmomsdn\" data-element_type=\"widget\" data-e-type=\"widget\" data-widget_type=\"text-editor.default\">\n\t\t\t\t<div class=\"elementor-widget-container\">\n\t\t\t\t\t\t\t\t\t<p>Todos temos um dom que nos permite fazer algo especial. Quando as pessoas est\u00e3o conscientes de seu pr\u00f3prio poder, elas brilham mais e podem se conectar com os outros de uma forma mais significativa.<\/p><p>Fazer parte desta mudan\u00e7a \u00e9 a minha motiva\u00e7\u00e3o. Fico feliz em trabalhar com seres de luz que ajudam os outros no seu crescimento pessoal.<\/p>\t\t\t\t\t\t\t\t<\/div>\n\t\t\t\t<\/div>\n\t\t\t\t<div class=\"elementor-element elementor-element-9538583 e-grid-align-left elementor-shape-rounded elementor-grid-0 elementor-widget elementor-widget-social-icons\" data-id=\"9538583\" data-element_type=\"widget\" data-e-type=\"widget\" data-widget_type=\"social-icons.default\">\n\t\t\t\t<div class=\"elementor-widget-container\">\n\t\t\t\t\t\t\t<div class=\"elementor-social-icons-wrapper elementor-grid\">\n\t\t\t\t\t\t\t<span class=\"elementor-grid-item\">\n\t\t\t\t\t<a class=\"elementor-icon elementor-social-icon elementor-social-icon-linkedin elementor-repeater-item-1d58683\" href=\"https:\/\/www.linkedin.com\/in\/cecilia-silberman-192374119\/\" target=\"_blank\" rel=\"noopener\">\n\t\t\t\t\t\t<span class=\"elementor-screen-only\">Linkedin<\/span>\n\t\t\t\t\t\t<i aria-hidden=\"true\" class=\"fab fa-linkedin\"><\/i>\t\t\t\t\t<\/a>\n\t\t\t\t<\/span>\n\t\t\t\t\t<\/div>\n\t\t\t\t\t\t<\/div>\n\t\t\t\t<\/div>\n\t\t\t\t\t<\/div>\n\t\t<\/div>\n\t\t\t\t<div class=\"elementor-column elementor-col-50 elementor-top-column elementor-element elementor-element-iwbemqj\" data-id=\"iwbemqj\" data-element_type=\"column\" data-e-type=\"column\" data-settings=\"{&quot;background_background&quot;:&quot;classic&quot;}\">\n\t\t\t<div class=\"elementor-widget-wrap elementor-element-populated\">\n\t\t\t\t\t\t<div class=\"elementor-element elementor-element-dxvspfo elementor-widget elementor-widget-image\" data-id=\"dxvspfo\" data-element_type=\"widget\" data-e-type=\"widget\" data-widget_type=\"image.default\">\n\t\t\t\t<div class=\"elementor-widget-container\">\n\t\t\t\t\t\t\t\t\t\t\t\t\t\t\t<img fetchpriority=\"high\" decoding=\"async\" width=\"768\" height=\"768\" src=\"https:\/\/outsidetrip.com\/br\/wp-content\/uploads\/sites\/4\/1762-ce-mariposa-R-768x768.jpg\" class=\"attachment-medium_large size-medium_large wp-image-312\" alt=\"shine\" srcset=\"https:\/\/outsidetrip.com\/br\/wp-content\/uploads\/sites\/4\/1762-ce-mariposa-R-768x768.jpg 768w, https:\/\/outsidetrip.com\/br\/wp-content\/uploads\/sites\/4\/1762-ce-mariposa-R-150x150.jpg 150w, https:\/\/outsidetrip.com\/br\/wp-content\/uploads\/sites\/4\/1762-ce-mariposa-R-300x300.jpg 300w, https:\/\/outsidetrip.com\/br\/wp-content\/uploads\/sites\/4\/1762-ce-mariposa-R-1024x1024.jpg 1024w\" sizes=\"(max-width: 768px) 100vw, 768px\" \/>\t\t\t\t\t\t\t\t\t\t\t\t\t\t\t<\/div>\n\t\t\t\t<\/div>\n\t\t\t\t\t<\/div>\n\t\t<\/div>\n\t\t\t\t\t<\/div>\n\t\t<\/section>\n\t\t\t\t<section class=\"elementor-section elementor-top-section elementor-element elementor-element-3c79891e elementor-section-stretched elementor-section-full_width elementor-section-height-default elementor-section-height-default wpr-particle-no wpr-jarallax-no wpr-parallax-no wpr-sticky-section-no wpr-equal-height-no\" data-id=\"3c79891e\" data-element_type=\"section\" data-e-type=\"section\" data-settings=\"{&quot;stretch_section&quot;:&quot;section-stretched&quot;,&quot;background_background&quot;:&quot;classic&quot;}\">\n\t\t\t\t\t\t\t<div class=\"elementor-background-overlay\"><\/div>\n\t\t\t\t\t\t\t<div class=\"elementor-container elementor-column-gap-default\">\n\t\t\t\t\t<div class=\"elementor-column elementor-col-16 elementor-top-column elementor-element elementor-element-1a75cba9\" data-id=\"1a75cba9\" data-element_type=\"column\" data-e-type=\"column\" data-settings=\"{&quot;background_background&quot;:&quot;classic&quot;}\">\n\t\t\t<div class=\"elementor-widget-wrap\">\n\t\t\t\t\t\t\t<\/div>\n\t\t<\/div>\n\t\t\t\t<div class=\"elementor-column elementor-col-66 elementor-top-column elementor-element elementor-element-6971425a\" data-id=\"6971425a\" data-element_type=\"column\" data-e-type=\"column\" data-settings=\"{&quot;background_background&quot;:&quot;classic&quot;}\">\n\t\t\t<div class=\"elementor-widget-wrap elementor-element-populated\">\n\t\t\t\t\t\t<div class=\"elementor-element elementor-element-2c8208ee elementor-widget elementor-widget-text-editor\" data-id=\"2c8208ee\" data-element_type=\"widget\" data-e-type=\"widget\" data-widget_type=\"text-editor.default\">\n\t\t\t\t<div class=\"elementor-widget-container\">\n\t\t\t\t\t\t\t\t\t<p>Por que outsidetrip?<\/p>\t\t\t\t\t\t\t\t<\/div>\n\t\t\t\t<\/div>\n\t\t\t\t<div class=\"elementor-element elementor-element-7b143a7f elementor-widget elementor-widget-text-editor\" data-id=\"7b143a7f\" data-element_type=\"widget\" data-e-type=\"widget\" data-widget_type=\"text-editor.default\">\n\t\t\t\t<div class=\"elementor-widget-container\">\n\t\t\t\t\t\t\t\t\t<p>Depois de 20 anos projetando e produzindo elementos de ponto-de-venda para grandes empresas na Argentina, decidi come\u00e7ar a trabalhar free-lance em projetos que est\u00e3o mais alinhados com meus valores pessoais.<\/p><p>Outsidetrip \u00e9 o resultado de um processo interior que me levou a viajar conectando-me com diferentes pessoas e lugares, preocupando-me mais com a necessidade de se conectar com eles mesmos e com o mundo ao seu redor.<\/p><p>Ao longo dos anos, percebi a import\u00e2ncia de aproveitar a vida &#8221; dia-a-dia&#8221;, combinando trabalho e lazer, ent\u00e3o comecei a trabalhar de forma independente enquanto viajava.<\/p><p>Ao faz\u00ea-lo, descobri uma maneira de combinar meus estudos em Design Gr\u00e1fico, Cinema e minha paix\u00e3o por dirigir atores com a possibilidade de ajudar aos outros a encontrar seu &#8220;chamado interior&#8221;, ajudando-os a ser conscientes de seus dons para criar um impacto positivo no mundo, fazendo o que eles realmente amam.<\/p><p>Todos n\u00f3s fazemos parte de um grande quebra-cabe\u00e7a que contribui para um prop\u00f3sito coletivo maior do que n\u00f3s mesmos. \u00c9 por isso que eu gostaria de saber mais sobre voc\u00ea e descobrir qual \u00e9 o seu talento, o seu &#8220;dom&#8221;.<\/p><p>Eu posso ajud\u00e1-lo a conectar seu ser e a ess\u00eancia de sua marca com seu cliente ideal.<\/p><p>Eu adoraria trabalhar juntos, poder refletir sua centelha na identidade de sua marca e ver como seu projeto se torna um neg\u00f3cio consciente, com alma.<\/p>\t\t\t\t\t\t\t\t<\/div>\n\t\t\t\t<\/div>\n\t\t\t\t<div class=\"elementor-element elementor-element-cfa5c21 elementor-align-center elementor-widget elementor-widget-button\" data-id=\"cfa5c21\" data-element_type=\"widget\" data-e-type=\"widget\" data-widget_type=\"button.default\">\n\t\t\t\t<div class=\"elementor-widget-container\">\n\t\t\t\t\t\t\t\t\t<div class=\"elementor-button-wrapper\">\n\t\t\t\t\t<a class=\"elementor-button elementor-button-link elementor-size-sm elementor-animation-bounce-in\" href=\"https:\/\/outsidetrip.com\/br\/sessao-online-gratuita\/\">\n\t\t\t\t\t\t<span class=\"elementor-button-content-wrapper\">\n\t\t\t\t\t\t\t\t\t<span class=\"elementor-button-text\">SESS\u00c3O GRATUITA PARA DAR O PRIMEIRO PASSO PARA O SUCESSO<\/span>\n\t\t\t\t\t<\/span>\n\t\t\t\t\t<\/a>\n\t\t\t\t<\/div>\n\t\t\t\t\t\t\t\t<\/div>\n\t\t\t\t<\/div>\n\t\t\t\t\t<\/div>\n\t\t<\/div>\n\t\t\t\t<div class=\"elementor-column elementor-col-16 elementor-top-column elementor-element elementor-element-30ae631b\" data-id=\"30ae631b\" data-element_type=\"column\" data-e-type=\"column\" data-settings=\"{&quot;background_background&quot;:&quot;classic&quot;}\">\n\t\t\t<div class=\"elementor-widget-wrap\">\n\t\t\t\t\t\t\t<\/div>\n\t\t<\/div>\n\t\t\t\t\t<\/div>\n\t\t<\/section>\n\t\t\t\t<\/div>\n\t\t","protected":false},"excerpt":{"rendered":"<p>Ol\u00e1, sou a Cecilia! Consultora criativa e diretora multim\u00eddia com forma\u00e7\u00e3o em Design Gr\u00e1fico, Design Audiovisual, Dire\u00e7\u00e3o e Produ\u00e7\u00e3o Teatral, com experi\u00eancia em design industrial e cinema&#8230; &#8220;viajante&#8221; e observadora qualificada&#8230; procurando constantemente essa centelha que faz cada pessoa diferente. Todos temos um dom que nos permite fazer algo especial. Quando as pessoas est\u00e3o conscientes de seu pr\u00f3prio poder, elas brilham mais e podem se conectar com os outros de uma forma mais significativa. Fazer parte desta mudan\u00e7a \u00e9 a minha motiva\u00e7\u00e3o. Fico feliz em trabalhar com seres de luz que ajudam os outros no seu crescimento pessoal. Linkedin Por que outsidetrip? Depois de 20 anos projetando e produzindo elementos de ponto-de-venda para grandes empresas na Argentina, decidi come\u00e7ar a trabalhar free-lance em projetos que est\u00e3o mais alinhados com meus valores pessoais. Outsidetrip \u00e9 o resultado de um processo interior que me levou a viajar conectando-me com diferentes pessoas e lugares, preocupando-me mais com a necessidade de se conectar com eles mesmos e com o mundo ao seu redor. Ao longo dos anos, percebi a import\u00e2ncia de aproveitar a vida &#8221; dia-a-dia&#8221;, combinando trabalho e lazer, ent\u00e3o comecei a trabalhar de forma independente enquanto viajava. Ao faz\u00ea-lo, descobri uma maneira de combinar meus estudos em Design Gr\u00e1fico, Cinema e minha paix\u00e3o por dirigir atores com a possibilidade de ajudar aos outros a encontrar seu &#8220;chamado interior&#8221;, ajudando-os a ser conscientes de seus dons para criar um impacto positivo no mundo, fazendo o que eles realmente amam. Todos n\u00f3s fazemos parte de um grande quebra-cabe\u00e7a que contribui para um prop\u00f3sito coletivo maior do que n\u00f3s mesmos. \u00c9 por isso que eu gostaria de saber mais sobre voc\u00ea e descobrir qual \u00e9 o seu talento, o seu &#8220;dom&#8221;. Eu posso ajud\u00e1-lo a conectar seu ser e a ess\u00eancia de sua marca com seu cliente ideal. Eu adoraria trabalhar juntos, poder refletir sua centelha na identidade de sua marca e ver como seu projeto se torna um neg\u00f3cio consciente, com alma. SESS\u00c3O GRATUITA PARA DAR O PRIMEIRO PASSO PARA O SUCESSO<\/p>\n","protected":false},"author":1,"featured_media":0,"parent":0,"menu_order":1,"comment_status":"closed","ping_status":"closed","template":"elementor_header_footer","meta":{"_acf_changed":false,"footnotes":""},"class_list":["post-953","page","type-page","status-publish","hentry"],"acf":[],"_links":{"self":[{"href":"https:\/\/outsidetrip.com\/br\/wp-json\/wp\/v2\/pages\/953","targetHints":{"allow":["GET"]}}],"collection":[{"href":"https:\/\/outsidetrip.com\/br\/wp-json\/wp\/v2\/pages"}],"about":[{"href":"https:\/\/outsidetrip.com\/br\/wp-json\/wp\/v2\/types\/page"}],"author":[{"embeddable":true,"href":"https:\/\/outsidetrip.com\/br\/wp-json\/wp\/v2\/users\/1"}],"replies":[{"embeddable":true,"href":"https:\/\/outsidetrip.com\/br\/wp-json\/wp\/v2\/comments?post=953"}],"version-history":[{"count":59,"href":"https:\/\/outsidetrip.com\/br\/wp-json\/wp\/v2\/pages\/953\/revisions"}],"predecessor-version":[{"id":1426,"href":"https:\/\/outsidetrip.com\/br\/wp-json\/wp\/v2\/pages\/953\/revisions\/1426"}],"wp:attachment":[{"href":"https:\/\/outsidetrip.com\/br\/wp-json\/wp\/v2\/media?parent=953"}],"curies":[{"name":"wp","href":"https:\/\/api.w.org\/{rel}","templated":true}]}}