{"id":960,"date":"2018-12-14T19:22:57","date_gmt":"2018-12-14T18:22:57","guid":{"rendered":"http:\/\/reise.ceciliasilberman.com\/?page_id=960"},"modified":"2023-05-25T10:45:48","modified_gmt":"2023-05-25T13:45:48","slug":"sessao-online-gratuita","status":"publish","type":"page","link":"https:\/\/outsidetrip.com\/br\/sessao-online-gratuita\/","title":{"rendered":"Sess\u00e3o online gratuita"},"content":{"rendered":"\t\t<div data-elementor-type=\"wp-post\" data-elementor-id=\"960\" class=\"elementor elementor-960\" data-elementor-post-type=\"page\">\n\t\t\t\t\t\t<section class=\"elementor-section elementor-top-section elementor-element elementor-element-phzmrjx elementor-section-stretched elementor-section-full_width elementor-section-content-top elementor-section-height-min-height elementor-section-height-default elementor-section-items-middle wpr-particle-no wpr-jarallax-no wpr-parallax-no wpr-sticky-section-no\" data-id=\"phzmrjx\" data-element_type=\"section\" data-e-type=\"section\" data-settings=\"{&quot;stretch_section&quot;:&quot;section-stretched&quot;,&quot;background_background&quot;:&quot;classic&quot;}\">\n\t\t\t\t\t\t\t<div class=\"elementor-background-overlay\"><\/div>\n\t\t\t\t\t\t\t<div class=\"elementor-container elementor-column-gap-default\">\n\t\t\t\t\t<div class=\"elementor-column elementor-col-16 elementor-top-column elementor-element elementor-element-vgqjcnx\" data-id=\"vgqjcnx\" data-element_type=\"column\" data-e-type=\"column\">\n\t\t\t<div class=\"elementor-widget-wrap\">\n\t\t\t\t\t\t\t<\/div>\n\t\t<\/div>\n\t\t\t\t<div class=\"elementor-column elementor-col-66 elementor-top-column elementor-element elementor-element-dkgozmk\" data-id=\"dkgozmk\" data-element_type=\"column\" data-e-type=\"column\" data-settings=\"{&quot;background_background&quot;:&quot;classic&quot;}\">\n\t\t\t<div class=\"elementor-widget-wrap elementor-element-populated\">\n\t\t\t\t\t\t<div class=\"elementor-element elementor-element-vizvqjh elementor-widget elementor-widget-text-editor\" data-id=\"vizvqjh\" data-element_type=\"widget\" data-e-type=\"widget\" data-widget_type=\"text-editor.default\">\n\t\t\t\t<div class=\"elementor-widget-container\">\n\t\t\t\t\t\t\t\t\t<p class=\"p1\">Vamos falar sobre seus objetivos pessoais e profissionais<\/p>\t\t\t\t\t\t\t\t<\/div>\n\t\t\t\t<\/div>\n\t\t\t\t\t<\/div>\n\t\t<\/div>\n\t\t\t\t<div class=\"elementor-column elementor-col-16 elementor-top-column elementor-element elementor-element-cflzueq\" data-id=\"cflzueq\" data-element_type=\"column\" data-e-type=\"column\">\n\t\t\t<div class=\"elementor-widget-wrap\">\n\t\t\t\t\t\t\t<\/div>\n\t\t<\/div>\n\t\t\t\t\t<\/div>\n\t\t<\/section>\n\t\t\t\t<section class=\"elementor-section elementor-top-section elementor-element elementor-element-kfefcpf elementor-section-stretched elementor-section-full_width elementor-section-height-default elementor-section-height-default wpr-particle-no wpr-jarallax-no wpr-parallax-no wpr-sticky-section-no\" data-id=\"kfefcpf\" data-element_type=\"section\" data-e-type=\"section\" data-settings=\"{&quot;stretch_section&quot;:&quot;section-stretched&quot;,&quot;background_background&quot;:&quot;classic&quot;}\">\n\t\t\t\t\t\t\t<div class=\"elementor-background-overlay\"><\/div>\n\t\t\t\t\t\t\t<div class=\"elementor-container elementor-column-gap-default\">\n\t\t\t\t\t<div class=\"elementor-column elementor-col-16 elementor-top-column elementor-element elementor-element-nowpotu\" data-id=\"nowpotu\" data-element_type=\"column\" data-e-type=\"column\" data-settings=\"{&quot;background_background&quot;:&quot;classic&quot;}\">\n\t\t\t<div class=\"elementor-widget-wrap\">\n\t\t\t\t\t\t\t<\/div>\n\t\t<\/div>\n\t\t\t\t<div class=\"elementor-column elementor-col-66 elementor-top-column elementor-element elementor-element-sxyvywo\" data-id=\"sxyvywo\" data-element_type=\"column\" data-e-type=\"column\" data-settings=\"{&quot;background_background&quot;:&quot;classic&quot;}\">\n\t\t\t<div class=\"elementor-widget-wrap elementor-element-populated\">\n\t\t\t\t\t\t<div class=\"elementor-element elementor-element-tqsypdh elementor-widget elementor-widget-text-editor\" data-id=\"tqsypdh\" data-element_type=\"widget\" data-e-type=\"widget\" data-widget_type=\"text-editor.default\">\n\t\t\t\t<div class=\"elementor-widget-container\">\n\t\t\t\t\t\t\t\t\t<p class=\"p1\">PROP\u00d3SITO DESTA SESS\u00c3O GRATUITA<\/p>\t\t\t\t\t\t\t\t<\/div>\n\t\t\t\t<\/div>\n\t\t\t\t<div class=\"elementor-element elementor-element-koafnuw elementor-widget elementor-widget-text-editor\" data-id=\"koafnuw\" data-element_type=\"widget\" data-e-type=\"widget\" data-widget_type=\"text-editor.default\">\n\t\t\t\t<div class=\"elementor-widget-container\">\n\t\t\t\t\t\t\t\t\t<p>Podemos nos conhecer em uma sess\u00e3o &#8220;online&#8221; de cerca de 30 minutos, onde analisaremos brevemente a situa\u00e7\u00e3o do seu neg\u00f3cio e veremos se sou a pessoa certa para ajud\u00e1-lo em sua &#8221; viagem interior&#8221; para mostrar seu potencial para o mundo.<\/p><p>Falaremos sobre seus objetivos e falhas atuais de comunica\u00e7\u00e3o para que possamos nos concentrar na melhor solu\u00e7\u00e3o para sua marca e ver se algum dos servi\u00e7os que ofere\u00e7o pode ajudar seu neg\u00f3cio.<\/p><p>Espero conhec\u00ea-lo em breve e ver que coisas maravilhosas voc\u00ea gosta de fazer!<\/p>\t\t\t\t\t\t\t\t<\/div>\n\t\t\t\t<\/div>\n\t\t\t\t\t<\/div>\n\t\t<\/div>\n\t\t\t\t<div class=\"elementor-column elementor-col-16 elementor-top-column elementor-element elementor-element-svwcozr\" data-id=\"svwcozr\" data-element_type=\"column\" data-e-type=\"column\" data-settings=\"{&quot;background_background&quot;:&quot;classic&quot;}\">\n\t\t\t<div class=\"elementor-widget-wrap\">\n\t\t\t\t\t\t\t<\/div>\n\t\t<\/div>\n\t\t\t\t\t<\/div>\n\t\t<\/section>\n\t\t\t\t<section class=\"elementor-section elementor-top-section elementor-element elementor-element-ehye0f7 elementor-section-stretched elementor-section-full_width elementor-section-height-default elementor-section-height-default wpr-particle-no wpr-jarallax-no wpr-parallax-no wpr-sticky-section-no\" data-id=\"ehye0f7\" data-element_type=\"section\" data-e-type=\"section\" data-settings=\"{&quot;stretch_section&quot;:&quot;section-stretched&quot;,&quot;background_background&quot;:&quot;classic&quot;}\">\n\t\t\t\t\t\t\t<div class=\"elementor-background-overlay\"><\/div>\n\t\t\t\t\t\t\t<div class=\"elementor-container elementor-column-gap-default\">\n\t\t\t\t\t<div class=\"elementor-column elementor-col-16 elementor-top-column elementor-element elementor-element-2v6yusq\" data-id=\"2v6yusq\" data-element_type=\"column\" data-e-type=\"column\" data-settings=\"{&quot;background_background&quot;:&quot;classic&quot;}\">\n\t\t\t<div class=\"elementor-widget-wrap\">\n\t\t\t\t\t\t\t<\/div>\n\t\t<\/div>\n\t\t\t\t<div class=\"elementor-column elementor-col-66 elementor-top-column elementor-element elementor-element-dqtka8o\" data-id=\"dqtka8o\" data-element_type=\"column\" data-e-type=\"column\" data-settings=\"{&quot;background_background&quot;:&quot;classic&quot;}\">\n\t\t\t<div class=\"elementor-widget-wrap elementor-element-populated\">\n\t\t\t\t\t\t<div class=\"elementor-element elementor-element-xa6q55w elementor-widget elementor-widget-text-editor\" data-id=\"xa6q55w\" data-element_type=\"widget\" data-e-type=\"widget\" data-widget_type=\"text-editor.default\">\n\t\t\t\t<div class=\"elementor-widget-container\">\n\t\t\t\t\t\t\t\t\t<p class=\"p1\">COMO VOC\u00ca PODE CONSEGUIR UMA SESS\u00c3O ONLINE?<\/p>\t\t\t\t\t\t\t\t<\/div>\n\t\t\t\t<\/div>\n\t\t\t\t<div class=\"elementor-element elementor-element-9o1dvv0 elementor-widget elementor-widget-text-editor\" data-id=\"9o1dvv0\" data-element_type=\"widget\" data-e-type=\"widget\" data-widget_type=\"text-editor.default\">\n\t\t\t\t<div class=\"elementor-widget-container\">\n\t\t\t\t\t\t\t\t\t<p>Simplesmente preenchendo o seguinte formul\u00e1rio da forma mais honesta e precisa poss\u00edvel para que eu possa compreender as particularidades da sua marca e as poss\u00edveis solu\u00e7\u00f5es que podem ser aplicadas para melhor\u00e1-la.<\/p><p>Uma vez recebido o formul\u00e1rio, analisarei suas necessidades e entrarei em contato com voc\u00ea dentro de 2 dias \u00fateis para marcar uma sess\u00e3o online.<\/p>\t\t\t\t\t\t\t\t<\/div>\n\t\t\t\t<\/div>\n\t\t\t\t<div class=\"elementor-element elementor-element-plyc5lu elementor-align-center elementor-widget elementor-widget-button\" data-id=\"plyc5lu\" data-element_type=\"widget\" data-e-type=\"widget\" data-widget_type=\"button.default\">\n\t\t\t\t<div class=\"elementor-widget-container\">\n\t\t\t\t\t\t\t\t\t<div class=\"elementor-button-wrapper\">\n\t\t\t\t\t<a class=\"elementor-button elementor-button-link elementor-size-sm elementor-animation-bounce-in\" href=\"https:\/\/outsidetrip.typeform.com\/to\/pzcdn2\" target=\"_blank\" rel=\"nofollow noopener\">\n\t\t\t\t\t\t<span class=\"elementor-button-content-wrapper\">\n\t\t\t\t\t\t\t\t\t<span class=\"elementor-button-text\">Vamos come\u00e7ar!!!<\/span>\n\t\t\t\t\t<\/span>\n\t\t\t\t\t<\/a>\n\t\t\t\t<\/div>\n\t\t\t\t\t\t\t\t<\/div>\n\t\t\t\t<\/div>\n\t\t\t\t\t<\/div>\n\t\t<\/div>\n\t\t\t\t<div class=\"elementor-column elementor-col-16 elementor-top-column elementor-element elementor-element-uzpw66p\" data-id=\"uzpw66p\" data-element_type=\"column\" data-e-type=\"column\" data-settings=\"{&quot;background_background&quot;:&quot;classic&quot;}\">\n\t\t\t<div class=\"elementor-widget-wrap\">\n\t\t\t\t\t\t\t<\/div>\n\t\t<\/div>\n\t\t\t\t\t<\/div>\n\t\t<\/section>\n\t\t\t\t<\/div>\n\t\t","protected":false},"excerpt":{"rendered":"<p>Vamos falar sobre seus objetivos pessoais e profissionais PROP\u00d3SITO DESTA SESS\u00c3O GRATUITA Podemos nos conhecer em uma sess\u00e3o &#8220;online&#8221; de cerca de 30 minutos, onde analisaremos brevemente a situa\u00e7\u00e3o do seu neg\u00f3cio e veremos se sou a pessoa certa para ajud\u00e1-lo em sua &#8221; viagem interior&#8221; para mostrar seu potencial para o mundo. Falaremos sobre seus objetivos e falhas atuais de comunica\u00e7\u00e3o para que possamos nos concentrar na melhor solu\u00e7\u00e3o para sua marca e ver se algum dos servi\u00e7os que ofere\u00e7o pode ajudar seu neg\u00f3cio. Espero conhec\u00ea-lo em breve e ver que coisas maravilhosas voc\u00ea gosta de fazer! COMO VOC\u00ca PODE CONSEGUIR UMA SESS\u00c3O ONLINE? Simplesmente preenchendo o seguinte formul\u00e1rio da forma mais honesta e precisa poss\u00edvel para que eu possa compreender as particularidades da sua marca e as poss\u00edveis solu\u00e7\u00f5es que podem ser aplicadas para melhor\u00e1-la. Uma vez recebido o formul\u00e1rio, analisarei suas necessidades e entrarei em contato com voc\u00ea dentro de 2 dias \u00fateis para marcar uma sess\u00e3o online. Vamos come\u00e7ar!!!<\/p>\n","protected":false},"author":1,"featured_media":0,"parent":0,"menu_order":0,"comment_status":"closed","ping_status":"closed","template":"elementor_header_footer","meta":{"_acf_changed":false,"footnotes":""},"class_list":["post-960","page","type-page","status-publish","hentry"],"acf":[],"_links":{"self":[{"href":"https:\/\/outsidetrip.com\/br\/wp-json\/wp\/v2\/pages\/960","targetHints":{"allow":["GET"]}}],"collection":[{"href":"https:\/\/outsidetrip.com\/br\/wp-json\/wp\/v2\/pages"}],"about":[{"href":"https:\/\/outsidetrip.com\/br\/wp-json\/wp\/v2\/types\/page"}],"author":[{"embeddable":true,"href":"https:\/\/outsidetrip.com\/br\/wp-json\/wp\/v2\/users\/1"}],"replies":[{"embeddable":true,"href":"https:\/\/outsidetrip.com\/br\/wp-json\/wp\/v2\/comments?post=960"}],"version-history":[{"count":31,"href":"https:\/\/outsidetrip.com\/br\/wp-json\/wp\/v2\/pages\/960\/revisions"}],"predecessor-version":[{"id":1305,"href":"https:\/\/outsidetrip.com\/br\/wp-json\/wp\/v2\/pages\/960\/revisions\/1305"}],"wp:attachment":[{"href":"https:\/\/outsidetrip.com\/br\/wp-json\/wp\/v2\/media?parent=960"}],"curies":[{"name":"wp","href":"https:\/\/api.w.org\/{rel}","templated":true}]}}