{"id":968,"date":"2018-12-14T19:36:01","date_gmt":"2018-12-14T22:36:01","guid":{"rendered":"http:\/\/reise.ceciliasilberman.com\/?page_id=968"},"modified":"2023-05-25T10:44:49","modified_gmt":"2023-05-25T13:44:49","slug":"coaching-pessoal","status":"publish","type":"page","link":"https:\/\/outsidetrip.com\/br\/coaching-pessoal\/","title":{"rendered":"Coaching Pessoal"},"content":{"rendered":"\t\t<div data-elementor-type=\"wp-post\" data-elementor-id=\"968\" class=\"elementor elementor-968\" data-elementor-post-type=\"page\">\n\t\t\t\t\t\t<section class=\"elementor-section elementor-top-section elementor-element elementor-element-mhhrsap elementor-section-stretched elementor-section-full_width elementor-section-height-default elementor-section-height-default wpr-particle-no wpr-jarallax-no wpr-parallax-no wpr-sticky-section-no\" data-id=\"mhhrsap\" data-element_type=\"section\" data-e-type=\"section\" data-settings=\"{&quot;stretch_section&quot;:&quot;section-stretched&quot;,&quot;background_background&quot;:&quot;classic&quot;}\">\n\t\t\t\t\t\t\t<div class=\"elementor-background-overlay\"><\/div>\n\t\t\t\t\t\t\t<div class=\"elementor-container elementor-column-gap-default\">\n\t\t\t\t\t<div class=\"elementor-column elementor-col-16 elementor-top-column elementor-element elementor-element-vxvcjpq\" data-id=\"vxvcjpq\" data-element_type=\"column\" data-e-type=\"column\">\n\t\t\t<div class=\"elementor-widget-wrap\">\n\t\t\t\t\t\t\t<\/div>\n\t\t<\/div>\n\t\t\t\t<div class=\"elementor-column elementor-col-66 elementor-top-column elementor-element elementor-element-xsoodnv\" data-id=\"xsoodnv\" data-element_type=\"column\" data-e-type=\"column\">\n\t\t\t<div class=\"elementor-widget-wrap elementor-element-populated\">\n\t\t\t\t\t\t<div class=\"elementor-element elementor-element-07b7p2p elementor-widget elementor-widget-text-editor\" data-id=\"07b7p2p\" data-element_type=\"widget\" data-e-type=\"widget\" data-widget_type=\"text-editor.default\">\n\t\t\t\t<div class=\"elementor-widget-container\">\n\t\t\t\t\t\t\t\t\t<p>Voc\u00ea \u00e9 uma pessoa \u00fanica e j\u00e1 tem o que \u00e9 necess\u00e1rio para inspirar os outros, mesmo que n\u00e3o esteja totalmente consciente disso.\u00a0Voc\u00ea s\u00f3 precisa de orienta\u00e7\u00e3o para descobrir sua melhor vers\u00e3o.<\/p><p>Eu posso ajud\u00e1-lo nesta viagem interior para fazer de sua marca seu reflexo e ganhar visibilidade, fazendo a diferen\u00e7a no mundo, atingindo pessoas que compartilham suas mesmas cren\u00e7as e valores.<\/p>\t\t\t\t\t\t\t\t<\/div>\n\t\t\t\t<\/div>\n\t\t\t\t\t<\/div>\n\t\t<\/div>\n\t\t\t\t<div class=\"elementor-column elementor-col-16 elementor-top-column elementor-element elementor-element-imgqfip\" data-id=\"imgqfip\" data-element_type=\"column\" data-e-type=\"column\">\n\t\t\t<div class=\"elementor-widget-wrap\">\n\t\t\t\t\t\t\t<\/div>\n\t\t<\/div>\n\t\t\t\t\t<\/div>\n\t\t<\/section>\n\t\t\t\t<section class=\"elementor-section elementor-top-section elementor-element elementor-element-otmcfbk elementor-section-stretched elementor-section-full_width elementor-section-height-default elementor-section-height-default wpr-particle-no wpr-jarallax-no wpr-parallax-no wpr-sticky-section-no\" data-id=\"otmcfbk\" data-element_type=\"section\" data-e-type=\"section\" data-settings=\"{&quot;stretch_section&quot;:&quot;section-stretched&quot;,&quot;background_background&quot;:&quot;classic&quot;}\">\n\t\t\t\t\t\t\t<div class=\"elementor-background-overlay\"><\/div>\n\t\t\t\t\t\t\t<div class=\"elementor-container elementor-column-gap-default\">\n\t\t\t\t\t<div class=\"elementor-column elementor-col-16 elementor-top-column elementor-element elementor-element-djznzxn\" data-id=\"djznzxn\" data-element_type=\"column\" data-e-type=\"column\" data-settings=\"{&quot;background_background&quot;:&quot;classic&quot;}\">\n\t\t\t<div class=\"elementor-widget-wrap\">\n\t\t\t\t\t\t\t<\/div>\n\t\t<\/div>\n\t\t\t\t<div class=\"elementor-column elementor-col-66 elementor-top-column elementor-element elementor-element-icwxbrh\" data-id=\"icwxbrh\" data-element_type=\"column\" data-e-type=\"column\" data-settings=\"{&quot;background_background&quot;:&quot;classic&quot;}\">\n\t\t\t<div class=\"elementor-widget-wrap elementor-element-populated\">\n\t\t\t\t\t\t<div class=\"elementor-element elementor-element-krhuqgy elementor-widget elementor-widget-text-editor\" data-id=\"krhuqgy\" data-element_type=\"widget\" data-e-type=\"widget\" data-widget_type=\"text-editor.default\">\n\t\t\t\t<div class=\"elementor-widget-container\">\n\t\t\t\t\t\t\t\t\t<p>Voc\u00ea precisa de Coaching Pessoal para descobrir seu potencial?<\/p>\t\t\t\t\t\t\t\t<\/div>\n\t\t\t\t<\/div>\n\t\t\t\t<div class=\"elementor-element elementor-element-u7lymeu elementor-widget elementor-widget-text-editor\" data-id=\"u7lymeu\" data-element_type=\"widget\" data-e-type=\"widget\" data-widget_type=\"text-editor.default\">\n\t\t\t\t<div class=\"elementor-widget-container\">\n\t\t\t\t\t\t\t\t\t<p class=\"p1\">Com orienta\u00e7\u00e3o voc\u00ea poder\u00e1:<\/p>\t\t\t\t\t\t\t\t<\/div>\n\t\t\t\t<\/div>\n\t\t\t\t<div class=\"elementor-element elementor-element-7834wt6 elementor-widget elementor-widget-text-editor\" data-id=\"7834wt6\" data-element_type=\"widget\" data-e-type=\"widget\" data-widget_type=\"text-editor.default\">\n\t\t\t\t<div class=\"elementor-widget-container\">\n\t\t\t\t\t\t\t\t\t<ul><li class=\"li1\">reconhecer o poder que faz voc\u00ea brilhar e se<\/li><li class=\"li1\">destacar ganhando visibilidade<br \/>fazer ouvir a sua mensagem<\/li><li class=\"li1\">alcan\u00e7ar um n\u00edvel mais profundo de conex\u00e3o com seus alunos \/ p\u00fablico \/ clientes<\/li><li class=\"li1\">obter o reconhecimento que voc\u00ea merece<\/li><li class=\"li1\">tornar-se uma autoridade respeitada no seu campo<\/li><li class=\"li1\">ser uma inspira\u00e7\u00e3o, um modelo a seguir<\/li><li class=\"li1\">fazer a diferen\u00e7a seguindo a sua paix\u00e3o<\/li><li class=\"li1\">amar o que voc\u00ea faz<\/li><\/ul>\t\t\t\t\t\t\t\t<\/div>\n\t\t\t\t<\/div>\n\t\t\t\t\t<\/div>\n\t\t<\/div>\n\t\t\t\t<div class=\"elementor-column elementor-col-16 elementor-top-column elementor-element elementor-element-aszhmeg\" data-id=\"aszhmeg\" data-element_type=\"column\" data-e-type=\"column\" data-settings=\"{&quot;background_background&quot;:&quot;classic&quot;}\">\n\t\t\t<div class=\"elementor-widget-wrap\">\n\t\t\t\t\t\t\t<\/div>\n\t\t<\/div>\n\t\t\t\t\t<\/div>\n\t\t<\/section>\n\t\t\t\t<section class=\"elementor-section elementor-top-section elementor-element elementor-element-lujm6ou elementor-section-stretched elementor-section-full_width elementor-section-height-default elementor-section-height-default wpr-particle-no wpr-jarallax-no wpr-parallax-no wpr-sticky-section-no\" data-id=\"lujm6ou\" data-element_type=\"section\" data-e-type=\"section\" data-settings=\"{&quot;stretch_section&quot;:&quot;section-stretched&quot;,&quot;background_background&quot;:&quot;classic&quot;}\">\n\t\t\t\t\t\t\t<div class=\"elementor-background-overlay\"><\/div>\n\t\t\t\t\t\t\t<div class=\"elementor-container elementor-column-gap-default\">\n\t\t\t\t\t<div class=\"elementor-column elementor-col-16 elementor-top-column elementor-element elementor-element-doskwfq\" data-id=\"doskwfq\" data-element_type=\"column\" data-e-type=\"column\" data-settings=\"{&quot;background_background&quot;:&quot;classic&quot;}\">\n\t\t\t<div class=\"elementor-widget-wrap\">\n\t\t\t\t\t\t\t<\/div>\n\t\t<\/div>\n\t\t\t\t<div class=\"elementor-column elementor-col-66 elementor-top-column elementor-element elementor-element-5kxmw3l\" data-id=\"5kxmw3l\" data-element_type=\"column\" data-e-type=\"column\" data-settings=\"{&quot;background_background&quot;:&quot;classic&quot;}\">\n\t\t\t<div class=\"elementor-widget-wrap elementor-element-populated\">\n\t\t\t\t\t\t<div class=\"elementor-element elementor-element-df2d2bb elementor-widget elementor-widget-spacer\" data-id=\"df2d2bb\" data-element_type=\"widget\" data-e-type=\"widget\" data-widget_type=\"spacer.default\">\n\t\t\t\t<div class=\"elementor-widget-container\">\n\t\t\t\t\t\t\t<div class=\"elementor-spacer\">\n\t\t\t<div class=\"elementor-spacer-inner\"><\/div>\n\t\t<\/div>\n\t\t\t\t\t\t<\/div>\n\t\t\t\t<\/div>\n\t\t\t\t<div class=\"elementor-element elementor-element-tpe97jg elementor-widget elementor-widget-text-editor\" data-id=\"tpe97jg\" data-element_type=\"widget\" data-e-type=\"widget\" data-widget_type=\"text-editor.default\">\n\t\t\t\t<div class=\"elementor-widget-container\">\n\t\t\t\t\t\t\t\t\t<p class=\"p1\">Com a minha experi\u00eancia, posso:<\/p><ul class=\"ul1\"><li class=\"li1\">ajud\u00e1-lo a identificar a sua singularidade, aquilo que o torna \u00fanico<\/li><li class=\"li1\">fornecer-lhe uma direc\u00e7\u00e3o art\u00edstica para a sua marca pessoal<\/li><li class=\"li1\">construir uma identidade visual que realmente o represente<\/li><\/ul>\t\t\t\t\t\t\t\t<\/div>\n\t\t\t\t<\/div>\n\t\t\t\t<div class=\"elementor-element elementor-element-tk0vgbc elementor-align-center elementor-widget elementor-widget-button\" data-id=\"tk0vgbc\" data-element_type=\"widget\" data-e-type=\"widget\" data-widget_type=\"button.default\">\n\t\t\t\t<div class=\"elementor-widget-container\">\n\t\t\t\t\t\t\t\t\t<div class=\"elementor-button-wrapper\">\n\t\t\t\t\t<a class=\"elementor-button elementor-button-link elementor-size-sm elementor-animation-bounce-in\" href=\"https:\/\/outsidetrip.com\/br\/sessao-online-gratuita\/\">\n\t\t\t\t\t\t<span class=\"elementor-button-content-wrapper\">\n\t\t\t\t\t\t\t\t\t<span class=\"elementor-button-text\">SESS\u00c3O GRATUITA PARA COME\u00c7AR A SUA VIAGEM<\/span>\n\t\t\t\t\t<\/span>\n\t\t\t\t\t<\/a>\n\t\t\t\t<\/div>\n\t\t\t\t\t\t\t\t<\/div>\n\t\t\t\t<\/div>\n\t\t\t\t\t<\/div>\n\t\t<\/div>\n\t\t\t\t<div class=\"elementor-column elementor-col-16 elementor-top-column elementor-element elementor-element-sdd760m\" data-id=\"sdd760m\" data-element_type=\"column\" data-e-type=\"column\" data-settings=\"{&quot;background_background&quot;:&quot;classic&quot;}\">\n\t\t\t<div class=\"elementor-widget-wrap\">\n\t\t\t\t\t\t\t<\/div>\n\t\t<\/div>\n\t\t\t\t\t<\/div>\n\t\t<\/section>\n\t\t\t\t<\/div>\n\t\t","protected":false},"excerpt":{"rendered":"<p>Voc\u00ea \u00e9 uma pessoa \u00fanica e j\u00e1 tem o que \u00e9 necess\u00e1rio para inspirar os outros, mesmo que n\u00e3o esteja totalmente consciente disso.\u00a0Voc\u00ea s\u00f3 precisa de orienta\u00e7\u00e3o para descobrir sua melhor vers\u00e3o. Eu posso ajud\u00e1-lo nesta viagem interior para fazer de sua marca seu reflexo e ganhar visibilidade, fazendo a diferen\u00e7a no mundo, atingindo pessoas que compartilham suas mesmas cren\u00e7as e valores. Voc\u00ea precisa de Coaching Pessoal para descobrir seu potencial? Com orienta\u00e7\u00e3o voc\u00ea poder\u00e1: reconhecer o poder que faz voc\u00ea brilhar e se destacar ganhando visibilidadefazer ouvir a sua mensagem alcan\u00e7ar um n\u00edvel mais profundo de conex\u00e3o com seus alunos \/ p\u00fablico \/ clientes obter o reconhecimento que voc\u00ea merece tornar-se uma autoridade respeitada no seu campo ser uma inspira\u00e7\u00e3o, um modelo a seguir fazer a diferen\u00e7a seguindo a sua paix\u00e3o amar o que voc\u00ea faz Com a minha experi\u00eancia, posso: ajud\u00e1-lo a identificar a sua singularidade, aquilo que o torna \u00fanico fornecer-lhe uma direc\u00e7\u00e3o art\u00edstica para a sua marca pessoal construir uma identidade visual que realmente o represente SESS\u00c3O GRATUITA PARA COME\u00c7AR A SUA VIAGEM<\/p>\n","protected":false},"author":1,"featured_media":0,"parent":0,"menu_order":0,"comment_status":"closed","ping_status":"closed","template":"elementor_header_footer","meta":{"_acf_changed":false,"footnotes":""},"class_list":["post-968","page","type-page","status-publish","hentry"],"acf":[],"_links":{"self":[{"href":"https:\/\/outsidetrip.com\/br\/wp-json\/wp\/v2\/pages\/968","targetHints":{"allow":["GET"]}}],"collection":[{"href":"https:\/\/outsidetrip.com\/br\/wp-json\/wp\/v2\/pages"}],"about":[{"href":"https:\/\/outsidetrip.com\/br\/wp-json\/wp\/v2\/types\/page"}],"author":[{"embeddable":true,"href":"https:\/\/outsidetrip.com\/br\/wp-json\/wp\/v2\/users\/1"}],"replies":[{"embeddable":true,"href":"https:\/\/outsidetrip.com\/br\/wp-json\/wp\/v2\/comments?post=968"}],"version-history":[{"count":26,"href":"https:\/\/outsidetrip.com\/br\/wp-json\/wp\/v2\/pages\/968\/revisions"}],"predecessor-version":[{"id":1302,"href":"https:\/\/outsidetrip.com\/br\/wp-json\/wp\/v2\/pages\/968\/revisions\/1302"}],"wp:attachment":[{"href":"https:\/\/outsidetrip.com\/br\/wp-json\/wp\/v2\/media?parent=968"}],"curies":[{"name":"wp","href":"https:\/\/api.w.org\/{rel}","templated":true}]}}