{"id":2022,"date":"2023-02-01T09:43:05","date_gmt":"2023-02-01T08:43:05","guid":{"rendered":"http:\/\/cecilia"},"modified":"2025-05-04T15:16:26","modified_gmt":"2025-05-04T13:16:26","slug":"web-audit","status":"publish","type":"product","link":"https:\/\/outsidetrip.com\/en\/product\/web-audit\/","title":{"rendered":"WEB AUDIT (3 sessions)"},"content":{"rendered":"<p>Luego de esta auditor\u00eda sabr\u00e1s que cosas deber\u00e1s modificar en tu web para alcanzar tus objetivos de comunicaci\u00f3n y llegar a tu p\u00fablico objetivo. Te ofrecer\u00e9 ideas para tu plan de acci\u00f3n.<\/p>\n","protected":false},"excerpt":{"rendered":"<p><em><strong>Duration: 225 minutes (3 sessions of 75 minutes each)<\/strong><\/em><\/p>\n<p>Did you know that most websites have communication problems and this causes businesses to lose potential customers online?<\/p>\n<p>Your business, like you, evolves day by day. Make sure your website represents you and does its job&#8230;<\/p>\n<p>Request this audit to see possible communication failures of your website and to come up with an action plan based on your business&#8217; current needs.<\/p>\n","protected":false},"featured_media":2149,"comment_status":"closed","ping_status":"closed","template":"","meta":{"_acf_changed":false},"product_brand":[],"product_cat":[42],"product_tag":[38,39,37],"class_list":{"0":"post-2022","1":"product","2":"type-product","3":"status-publish","4":"has-post-thumbnail","6":"product_cat-audit","7":"product_tag-audit","8":"product_tag-online-presence","9":"product_tag-web","11":"first","12":"instock","13":"virtual","14":"taxable","15":"purchasable","16":"product-type-simple"},"acf":[],"_links":{"self":[{"href":"https:\/\/outsidetrip.com\/en\/wp-json\/wp\/v2\/product\/2022","targetHints":{"allow":["GET"]}}],"collection":[{"href":"https:\/\/outsidetrip.com\/en\/wp-json\/wp\/v2\/product"}],"about":[{"href":"https:\/\/outsidetrip.com\/en\/wp-json\/wp\/v2\/types\/product"}],"replies":[{"embeddable":true,"href":"https:\/\/outsidetrip.com\/en\/wp-json\/wp\/v2\/comments?post=2022"}],"wp:featuredmedia":[{"embeddable":true,"href":"https:\/\/outsidetrip.com\/en\/wp-json\/wp\/v2\/media\/2149"}],"wp:attachment":[{"href":"https:\/\/outsidetrip.com\/en\/wp-json\/wp\/v2\/media?parent=2022"}],"wp:term":[{"taxonomy":"product_brand","embeddable":true,"href":"https:\/\/outsidetrip.com\/en\/wp-json\/wp\/v2\/product_brand?post=2022"},{"taxonomy":"product_cat","embeddable":true,"href":"https:\/\/outsidetrip.com\/en\/wp-json\/wp\/v2\/product_cat?post=2022"},{"taxonomy":"product_tag","embeddable":true,"href":"https:\/\/outsidetrip.com\/en\/wp-json\/wp\/v2\/product_tag?post=2022"}],"curies":[{"name":"wp","href":"https:\/\/api.w.org\/{rel}","templated":true}]}}