{"id":1032,"date":"2018-12-23T08:57:48","date_gmt":"2018-12-23T11:57:48","guid":{"rendered":"https:\/\/outsidetrip.com\/fr\/?page_id=1032"},"modified":"2025-05-04T11:28:05","modified_gmt":"2025-05-04T14:28:05","slug":"a-propos","status":"publish","type":"page","link":"https:\/\/outsidetrip.com\/fr\/a-propos\/","title":{"rendered":"\u00c0 PROPOS"},"content":{"rendered":"\t\t<div data-elementor-type=\"wp-post\" data-elementor-id=\"1032\" class=\"elementor elementor-1032\" data-elementor-post-type=\"page\">\n\t\t\t\t\t\t<section class=\"elementor-section elementor-top-section elementor-element elementor-element-gykoizu elementor-section-content-top elementor-section-stretched elementor-section-full_width elementor-section-height-default elementor-section-height-default wpr-particle-no wpr-jarallax-no wpr-parallax-no wpr-sticky-section-no wpr-equal-height-no\" data-id=\"gykoizu\" data-element_type=\"section\" data-e-type=\"section\" data-settings=\"{&quot;background_background&quot;:&quot;classic&quot;,&quot;stretch_section&quot;:&quot;section-stretched&quot;}\">\n\t\t\t\t\t\t<div class=\"elementor-container elementor-column-gap-no\">\n\t\t\t\t\t<div class=\"elementor-column elementor-col-50 elementor-top-column elementor-element elementor-element-deozuse\" data-id=\"deozuse\" data-element_type=\"column\" data-e-type=\"column\" data-settings=\"{&quot;background_background&quot;:&quot;classic&quot;}\">\n\t\t\t<div class=\"elementor-widget-wrap elementor-element-populated\">\n\t\t\t\t\t\t<div class=\"elementor-element elementor-element-snheqbl elementor-widget elementor-widget-heading\" data-id=\"snheqbl\" data-element_type=\"widget\" data-e-type=\"widget\" data-widget_type=\"heading.default\">\n\t\t\t\t<div class=\"elementor-widget-container\">\n\t\t\t\t\t<h1 class=\"elementor-heading-title elementor-size-large\">Bonjour, je m'appelle Cecilia!<\/h1>\t\t\t\t<\/div>\n\t\t\t\t<\/div>\n\t\t\t\t<div class=\"elementor-element elementor-element-ymxdmkl elementor-widget elementor-widget-text-editor\" data-id=\"ymxdmkl\" data-element_type=\"widget\" data-e-type=\"widget\" data-widget_type=\"text-editor.default\">\n\t\t\t\t<div class=\"elementor-widget-container\">\n\t\t\t\t\t\t\t\t\t<p class=\"p1\"><span class=\"s1\">Je suis graphiste et cin\u00e9aste. Je voyage beaucoup et je suis tr\u00e8s observatrice. Je recherche constamment cette \u00e9tincelle qui rend chaque personne diff\u00e9rente.<\/span><\/p>\t\t\t\t\t\t\t\t<\/div>\n\t\t\t\t<\/div>\n\t\t\t\t<div class=\"elementor-element elementor-element-xmomsdn elementor-widget elementor-widget-text-editor\" data-id=\"xmomsdn\" data-element_type=\"widget\" data-e-type=\"widget\" data-widget_type=\"text-editor.default\">\n\t\t\t\t<div class=\"elementor-widget-container\">\n\t\t\t\t\t\t\t\t\t<p style=\"text-align: left;\">Nous avons tous en nous un don qui nous permet de faire des choses particuli\u00e8res. Lorsque les gens sont conscients de leur propre pouvoir, ils rayonnent plus fort et peuvent communiquer avec tout le monde d&#8217;une mani\u00e8re plus significative.<\/p><p style=\"text-align: left;\">Faire partie de ce changement est donc ma motivation. C&#8217;est pourquoi je suis heureuse de travailler avec des gens qui rayonnent et qui aident les autres dans leur d\u00e9veloppement personnel.<\/p>\t\t\t\t\t\t\t\t<\/div>\n\t\t\t\t<\/div>\n\t\t\t\t<div class=\"elementor-element elementor-element-758ccd0 e-grid-align-left elementor-shape-rounded elementor-grid-0 elementor-widget elementor-widget-social-icons\" data-id=\"758ccd0\" data-element_type=\"widget\" data-e-type=\"widget\" data-widget_type=\"social-icons.default\">\n\t\t\t\t<div class=\"elementor-widget-container\">\n\t\t\t\t\t\t\t<div class=\"elementor-social-icons-wrapper elementor-grid\">\n\t\t\t\t\t\t\t<span class=\"elementor-grid-item\">\n\t\t\t\t\t<a class=\"elementor-icon elementor-social-icon elementor-social-icon-linkedin elementor-repeater-item-993ef04\" href=\"https:\/\/www.linkedin.com\/in\/cecilia-silberman-192374119\/\" target=\"_blank\" rel=\"noopener\">\n\t\t\t\t\t\t<span class=\"elementor-screen-only\">Linkedin<\/span>\n\t\t\t\t\t\t<i aria-hidden=\"true\" class=\"fab fa-linkedin\"><\/i>\t\t\t\t\t<\/a>\n\t\t\t\t<\/span>\n\t\t\t\t\t<\/div>\n\t\t\t\t\t\t<\/div>\n\t\t\t\t<\/div>\n\t\t\t\t\t<\/div>\n\t\t<\/div>\n\t\t\t\t<div class=\"elementor-column elementor-col-50 elementor-top-column elementor-element elementor-element-iwbemqj\" data-id=\"iwbemqj\" data-element_type=\"column\" data-e-type=\"column\" data-settings=\"{&quot;background_background&quot;:&quot;classic&quot;}\">\n\t\t\t<div class=\"elementor-widget-wrap elementor-element-populated\">\n\t\t\t\t\t\t<div class=\"elementor-element elementor-element-dxvspfo elementor-widget elementor-widget-image\" data-id=\"dxvspfo\" data-element_type=\"widget\" data-e-type=\"widget\" data-widget_type=\"image.default\">\n\t\t\t\t<div class=\"elementor-widget-container\">\n\t\t\t\t\t\t\t\t\t\t\t\t\t\t\t<img fetchpriority=\"high\" decoding=\"async\" width=\"768\" height=\"768\" src=\"https:\/\/outsidetrip.com\/fr\/wp-content\/uploads\/sites\/3\/1762-ce-mariposa-R-768x768.jpg\" class=\"attachment-medium_large size-medium_large wp-image-312\" alt=\"shine\" srcset=\"https:\/\/outsidetrip.com\/fr\/wp-content\/uploads\/sites\/3\/1762-ce-mariposa-R-768x768.jpg 768w, https:\/\/outsidetrip.com\/fr\/wp-content\/uploads\/sites\/3\/1762-ce-mariposa-R-150x150.jpg 150w, https:\/\/outsidetrip.com\/fr\/wp-content\/uploads\/sites\/3\/1762-ce-mariposa-R-300x300.jpg 300w, https:\/\/outsidetrip.com\/fr\/wp-content\/uploads\/sites\/3\/1762-ce-mariposa-R-1024x1024.jpg 1024w\" sizes=\"(max-width: 768px) 100vw, 768px\" \/>\t\t\t\t\t\t\t\t\t\t\t\t\t\t\t<\/div>\n\t\t\t\t<\/div>\n\t\t\t\t\t<\/div>\n\t\t<\/div>\n\t\t\t\t\t<\/div>\n\t\t<\/section>\n\t\t\t\t<section class=\"elementor-section elementor-top-section elementor-element elementor-element-3c79891e elementor-section-stretched elementor-section-full_width elementor-section-height-default elementor-section-height-default wpr-particle-no wpr-jarallax-no wpr-parallax-no wpr-sticky-section-no wpr-equal-height-no\" data-id=\"3c79891e\" data-element_type=\"section\" data-e-type=\"section\" data-settings=\"{&quot;stretch_section&quot;:&quot;section-stretched&quot;,&quot;background_background&quot;:&quot;classic&quot;}\">\n\t\t\t\t\t\t\t<div class=\"elementor-background-overlay\"><\/div>\n\t\t\t\t\t\t\t<div class=\"elementor-container elementor-column-gap-default\">\n\t\t\t\t\t<div class=\"elementor-column elementor-col-16 elementor-top-column elementor-element elementor-element-1a75cba9\" data-id=\"1a75cba9\" data-element_type=\"column\" data-e-type=\"column\" data-settings=\"{&quot;background_background&quot;:&quot;classic&quot;}\">\n\t\t\t<div class=\"elementor-widget-wrap\">\n\t\t\t\t\t\t\t<\/div>\n\t\t<\/div>\n\t\t\t\t<div class=\"elementor-column elementor-col-66 elementor-top-column elementor-element elementor-element-6971425a\" data-id=\"6971425a\" data-element_type=\"column\" data-e-type=\"column\" data-settings=\"{&quot;background_background&quot;:&quot;classic&quot;}\">\n\t\t\t<div class=\"elementor-widget-wrap elementor-element-populated\">\n\t\t\t\t\t\t<div class=\"elementor-element elementor-element-2c8208ee elementor-widget elementor-widget-text-editor\" data-id=\"2c8208ee\" data-element_type=\"widget\" data-e-type=\"widget\" data-widget_type=\"text-editor.default\">\n\t\t\t\t<div class=\"elementor-widget-container\">\n\t\t\t\t\t\t\t\t\t<p class=\"p1\"><span class=\"s1\">Pourquoi<\/span> outsidetrip?<\/p>\t\t\t\t\t\t\t\t<\/div>\n\t\t\t\t<\/div>\n\t\t\t\t<div class=\"elementor-element elementor-element-7b143a7f elementor-widget elementor-widget-text-editor\" data-id=\"7b143a7f\" data-element_type=\"widget\" data-e-type=\"widget\" data-widget_type=\"text-editor.default\">\n\t\t\t\t<div class=\"elementor-widget-container\">\n\t\t\t\t\t\t\t\t\t<p class=\"p1\"><span class=\"s1\">Outsidetrip est le r\u00e9sultat d\u2019un voyage int\u00e9rieur qui m\u2019a amen\u00e9 \u00e0 voyager en contact permanent avec toutes sortes de personnes et d\u2019endroits, de plus en plus pr\u00e9occup\u00e9 par le besoin de communiquer avec eux-m\u00eames et avec le monde qui les entoure.<\/span><\/p><p class=\"p1\"><span class=\"s1\">Au fil des ann\u00e9es, j\u2019ai compris l\u2019importance de profiter de la vie, jour apr\u00e8s jour, pour allier travail et loisirs; j\u2019ai donc commenc\u00e9 \u00e0 travailler de fa\u00e7on autonome en voyageant.<\/span><\/p><p class=\"p2\"><span class=\"s1\">Ce faisant, j&#8217;ai d\u00e9couvert un moyen de combiner mes \u00e9tudes en conception graphique, en\u00a0cin\u00e9matographie<\/span> <span class=\"s1\">et ma passion en tant qui r\u00e9alisatrice avec la possibilit\u00e9 d&#8217;aider les autres \u00e0 trouver leur &#8220;vocation int\u00e9rieure&#8221;, de les aider \u00e0 prendre conscience de leurs &#8220;talents&#8221; pour cr\u00e9er un impact positif sur le monde en faisant ce qui leur pla\u00eet.<\/span><\/p><p class=\"p1\"><span class=\"s1\">Nous faisons tous partie d&#8217;un grand &#8220;casse-t\u00eate&#8221; contribuant \u00e0 un objectif collectif plus grand que le n\u00f4tre.\u00a0C&#8217;est pourquoi j&#8217;aimerais en savoir plus sur vous et sur vos talents.\u00a0<\/span><\/p><p class=\"p1\"><span class=\"s1\">Je peux ainsi vous aider \u00e0 connecter votre personnalit\u00e9, votre image de marque et vos clients id\u00e9aux.<\/span><\/p><p class=\"p1\"><span class=\"s1\">C&#8217;est pourquoi je serai ravi de travailler avec vous, de pouvoir \u00eatre capable de refl\u00e9ter votre \u00e9nergie dans l&#8217;identit\u00e9 de votre marque et de voir votre projet \u00e9voluer pour devenir une entreprise &#8220;vivante&#8221; dot\u00e9e d&#8217;une \u00e2me.<\/span><\/p>\t\t\t\t\t\t\t\t<\/div>\n\t\t\t\t<\/div>\n\t\t\t\t<div class=\"elementor-element elementor-element-cfa5c21 elementor-align-center elementor-widget elementor-widget-button\" data-id=\"cfa5c21\" data-element_type=\"widget\" data-e-type=\"widget\" data-widget_type=\"button.default\">\n\t\t\t\t<div class=\"elementor-widget-container\">\n\t\t\t\t\t\t\t\t\t<div class=\"elementor-button-wrapper\">\n\t\t\t\t\t<a class=\"elementor-button elementor-button-link elementor-size-sm elementor-animation-bounce-in\" href=\"https:\/\/outsidetrip.com\/fr\/seance-gratuite-en-ligne\/\">\n\t\t\t\t\t\t<span class=\"elementor-button-content-wrapper\">\n\t\t\t\t\t\t\t\t\t<span class=\"elementor-button-text\">S\u00c9ANCE GRATUITE pour commencer votre voyage!<\/span>\n\t\t\t\t\t<\/span>\n\t\t\t\t\t<\/a>\n\t\t\t\t<\/div>\n\t\t\t\t\t\t\t\t<\/div>\n\t\t\t\t<\/div>\n\t\t\t\t\t<\/div>\n\t\t<\/div>\n\t\t\t\t<div class=\"elementor-column elementor-col-16 elementor-top-column elementor-element elementor-element-30ae631b\" data-id=\"30ae631b\" data-element_type=\"column\" data-e-type=\"column\" data-settings=\"{&quot;background_background&quot;:&quot;classic&quot;}\">\n\t\t\t<div class=\"elementor-widget-wrap\">\n\t\t\t\t\t\t\t<\/div>\n\t\t<\/div>\n\t\t\t\t\t<\/div>\n\t\t<\/section>\n\t\t\t\t<\/div>\n\t\t","protected":false},"excerpt":{"rendered":"<p>Bonjour, je m&#8217;appelle Cecilia! Je suis graphiste et cin\u00e9aste. Je voyage beaucoup et je suis tr\u00e8s observatrice. Je recherche constamment cette \u00e9tincelle qui rend chaque personne diff\u00e9rente. Nous avons tous en nous un don qui nous permet de faire des choses particuli\u00e8res. Lorsque les gens sont conscients de leur propre pouvoir, ils rayonnent plus fort et peuvent communiquer avec tout le monde d&#8217;une mani\u00e8re plus significative. Faire partie de ce changement est donc ma motivation. C&#8217;est pourquoi je suis heureuse de travailler avec des gens qui rayonnent et qui aident les autres dans leur d\u00e9veloppement personnel. Linkedin Pourquoi outsidetrip? Outsidetrip est le r\u00e9sultat d\u2019un voyage int\u00e9rieur qui m\u2019a amen\u00e9 \u00e0 voyager en contact permanent avec toutes sortes de personnes et d\u2019endroits, de plus en plus pr\u00e9occup\u00e9 par le besoin de communiquer avec eux-m\u00eames et avec le monde qui les entoure. Au fil des ann\u00e9es, j\u2019ai compris l\u2019importance de profiter de la vie, jour apr\u00e8s jour, pour allier travail et loisirs; j\u2019ai donc commenc\u00e9 \u00e0 travailler de fa\u00e7on autonome en voyageant. Ce faisant, j&#8217;ai d\u00e9couvert un moyen de combiner mes \u00e9tudes en conception graphique, en\u00a0cin\u00e9matographie et ma passion en tant qui r\u00e9alisatrice avec la possibilit\u00e9 d&#8217;aider les autres \u00e0 trouver leur &#8220;vocation int\u00e9rieure&#8221;, de les aider \u00e0 prendre conscience de leurs &#8220;talents&#8221; pour cr\u00e9er un impact positif sur le monde en faisant ce qui leur pla\u00eet. Nous faisons tous partie d&#8217;un grand &#8220;casse-t\u00eate&#8221; contribuant \u00e0 un objectif collectif plus grand que le n\u00f4tre.\u00a0C&#8217;est pourquoi j&#8217;aimerais en savoir plus sur vous et sur vos talents.\u00a0 Je peux ainsi vous aider \u00e0 connecter votre personnalit\u00e9, votre image de marque et vos clients id\u00e9aux. C&#8217;est pourquoi je serai ravi de travailler avec vous, de pouvoir \u00eatre capable de refl\u00e9ter votre \u00e9nergie dans l&#8217;identit\u00e9 de votre marque et de voir votre projet \u00e9voluer pour devenir une entreprise &#8220;vivante&#8221; dot\u00e9e d&#8217;une \u00e2me. S\u00c9ANCE GRATUITE pour commencer votre voyage!<\/p>\n","protected":false},"author":1,"featured_media":0,"parent":0,"menu_order":1,"comment_status":"closed","ping_status":"closed","template":"elementor_header_footer","meta":{"_acf_changed":false,"footnotes":""},"class_list":["post-1032","page","type-page","status-publish","hentry"],"acf":[],"_links":{"self":[{"href":"https:\/\/outsidetrip.com\/fr\/wp-json\/wp\/v2\/pages\/1032","targetHints":{"allow":["GET"]}}],"collection":[{"href":"https:\/\/outsidetrip.com\/fr\/wp-json\/wp\/v2\/pages"}],"about":[{"href":"https:\/\/outsidetrip.com\/fr\/wp-json\/wp\/v2\/types\/page"}],"author":[{"embeddable":true,"href":"https:\/\/outsidetrip.com\/fr\/wp-json\/wp\/v2\/users\/1"}],"replies":[{"embeddable":true,"href":"https:\/\/outsidetrip.com\/fr\/wp-json\/wp\/v2\/comments?post=1032"}],"version-history":[{"count":55,"href":"https:\/\/outsidetrip.com\/fr\/wp-json\/wp\/v2\/pages\/1032\/revisions"}],"predecessor-version":[{"id":1423,"href":"https:\/\/outsidetrip.com\/fr\/wp-json\/wp\/v2\/pages\/1032\/revisions\/1423"}],"wp:attachment":[{"href":"https:\/\/outsidetrip.com\/fr\/wp-json\/wp\/v2\/media?parent=1032"}],"curies":[{"name":"wp","href":"https:\/\/api.w.org\/{rel}","templated":true}]}}