{"id":1037,"date":"2018-12-23T08:58:48","date_gmt":"2018-12-23T11:58:48","guid":{"rendered":"https:\/\/outsidetrip.com\/fr\/?page_id=1037"},"modified":"2023-03-12T06:46:14","modified_gmt":"2023-03-12T09:46:14","slug":"coaching-personnel","status":"publish","type":"page","link":"https:\/\/outsidetrip.com\/fr\/coaching-personnel\/","title":{"rendered":"COACHING PERSONNEL"},"content":{"rendered":"\t\t<div data-elementor-type=\"wp-post\" data-elementor-id=\"1037\" class=\"elementor elementor-1037\" data-elementor-post-type=\"page\">\n\t\t\t\t\t\t<section class=\"elementor-section elementor-top-section elementor-element elementor-element-mhhrsap elementor-section-stretched elementor-section-full_width elementor-section-height-default elementor-section-height-default wpr-particle-no wpr-jarallax-no wpr-parallax-no wpr-sticky-section-no wpr-equal-height-no\" data-id=\"mhhrsap\" data-element_type=\"section\" data-e-type=\"section\" data-settings=\"{&quot;stretch_section&quot;:&quot;section-stretched&quot;,&quot;background_background&quot;:&quot;classic&quot;}\">\n\t\t\t\t\t\t\t<div class=\"elementor-background-overlay\"><\/div>\n\t\t\t\t\t\t\t<div class=\"elementor-container elementor-column-gap-default\">\n\t\t\t\t\t<div class=\"elementor-column elementor-col-16 elementor-top-column elementor-element elementor-element-vxvcjpq\" data-id=\"vxvcjpq\" data-element_type=\"column\" data-e-type=\"column\">\n\t\t\t<div class=\"elementor-widget-wrap\">\n\t\t\t\t\t\t\t<\/div>\n\t\t<\/div>\n\t\t\t\t<div class=\"elementor-column elementor-col-66 elementor-top-column elementor-element elementor-element-xsoodnv\" data-id=\"xsoodnv\" data-element_type=\"column\" data-e-type=\"column\">\n\t\t\t<div class=\"elementor-widget-wrap elementor-element-populated\">\n\t\t\t\t\t\t<div class=\"elementor-element elementor-element-07b7p2p elementor-widget elementor-widget-text-editor\" data-id=\"07b7p2p\" data-element_type=\"widget\" data-e-type=\"widget\" data-widget_type=\"text-editor.default\">\n\t\t\t\t<div class=\"elementor-widget-container\">\n\t\t\t\t\t\t\t\t\t<p class=\"p1\"><span class=\"s1\">Vous \u00eates unique et vous avez d\u00e9j\u00e0 ce qu&#8217;il faut pour inspirer les autres, m\u00eame si vous n&#8217;en \u00eates pas compl\u00e8tement conscients. Vous n&#8217;avez besoin que de conseils pour d\u00e9couvrir la meilleure version de vous.<\/span><\/p><p class=\"p1\"><span class=\"s1\">Je peux vous aider dans ce voyage en profondeur pour que votre marque soit le reflet de votre personnalit\u00e9 et gagne en visibilit\u00e9, contribuant ainsi \u00e0 faire la diff\u00e9rence, en rejoignant des personnes partageant les m\u00eames convictions et valeurs.<\/span><\/p>\t\t\t\t\t\t\t\t<\/div>\n\t\t\t\t<\/div>\n\t\t\t\t\t<\/div>\n\t\t<\/div>\n\t\t\t\t<div class=\"elementor-column elementor-col-16 elementor-top-column elementor-element elementor-element-imgqfip\" data-id=\"imgqfip\" data-element_type=\"column\" data-e-type=\"column\">\n\t\t\t<div class=\"elementor-widget-wrap\">\n\t\t\t\t\t\t\t<\/div>\n\t\t<\/div>\n\t\t\t\t\t<\/div>\n\t\t<\/section>\n\t\t\t\t<section class=\"elementor-section elementor-top-section elementor-element elementor-element-otmcfbk elementor-section-stretched elementor-section-full_width elementor-section-height-default elementor-section-height-default wpr-particle-no wpr-jarallax-no wpr-parallax-no wpr-sticky-section-no wpr-equal-height-no\" data-id=\"otmcfbk\" data-element_type=\"section\" data-e-type=\"section\" data-settings=\"{&quot;stretch_section&quot;:&quot;section-stretched&quot;,&quot;background_background&quot;:&quot;classic&quot;}\">\n\t\t\t\t\t\t\t<div class=\"elementor-background-overlay\"><\/div>\n\t\t\t\t\t\t\t<div class=\"elementor-container elementor-column-gap-default\">\n\t\t\t\t\t<div class=\"elementor-column elementor-col-16 elementor-top-column elementor-element elementor-element-djznzxn\" data-id=\"djznzxn\" data-element_type=\"column\" data-e-type=\"column\" data-settings=\"{&quot;background_background&quot;:&quot;classic&quot;}\">\n\t\t\t<div class=\"elementor-widget-wrap\">\n\t\t\t\t\t\t\t<\/div>\n\t\t<\/div>\n\t\t\t\t<div class=\"elementor-column elementor-col-66 elementor-top-column elementor-element elementor-element-icwxbrh\" data-id=\"icwxbrh\" data-element_type=\"column\" data-e-type=\"column\" data-settings=\"{&quot;background_background&quot;:&quot;classic&quot;}\">\n\t\t\t<div class=\"elementor-widget-wrap elementor-element-populated\">\n\t\t\t\t\t\t<div class=\"elementor-element elementor-element-krhuqgy elementor-widget elementor-widget-text-editor\" data-id=\"krhuqgy\" data-element_type=\"widget\" data-e-type=\"widget\" data-widget_type=\"text-editor.default\">\n\t\t\t\t<div class=\"elementor-widget-container\">\n\t\t\t\t\t\t\t\t\t<p class=\"p1\"><span class=\"s1\">Avez-vous besoin d&#8217;un coaching personnel pour d\u00e9couvrir votre potentiel?<\/span><\/p>\t\t\t\t\t\t\t\t<\/div>\n\t\t\t\t<\/div>\n\t\t\t\t<div class=\"elementor-element elementor-element-u7lymeu elementor-widget elementor-widget-text-editor\" data-id=\"u7lymeu\" data-element_type=\"widget\" data-e-type=\"widget\" data-widget_type=\"text-editor.default\">\n\t\t\t\t<div class=\"elementor-widget-container\">\n\t\t\t\t\t\t\t\t\t<p class=\"p1\"><span class=\"s1\">Avec quelques conseils, vous pourrez:<\/span><\/p>\t\t\t\t\t\t\t\t<\/div>\n\t\t\t\t<\/div>\n\t\t\t\t<div class=\"elementor-element elementor-element-7834wt6 elementor-widget elementor-widget-text-editor\" data-id=\"7834wt6\" data-element_type=\"widget\" data-e-type=\"widget\" data-widget_type=\"text-editor.default\">\n\t\t\t\t<div class=\"elementor-widget-container\">\n\t\t\t\t\t\t\t\t\t<ul><li class=\"li1\"><span class=\"s2\">embrasser le pouvoir qui vous fait briller et gagner en visibilit\u00e9 se d\u00e9marquer<\/span><\/li><li class=\"li1\"><span class=\"s2\">faites entendre votre message<\/span><\/li><li class=\"li1\"><span class=\"s2\">atteindre un niveau de connexion plus profond avec vos \u00e9tudiants \/ public \/ clients<\/span><\/li><li class=\"li1\"><span class=\"s2\">r\u00e9clamer la reconnaissance que vous m\u00e9ritez<\/span><\/li><li class=\"li1\"><span class=\"s2\">devenir une autorit\u00e9 respect\u00e9e dans votre domaine<\/span><\/li><li class=\"li1\"><span class=\"s2\">\u00eatre une inspiration, un mod\u00e8le<\/span><\/li><li class=\"li1\"><span class=\"s2\">faire la diff\u00e9rence en suivant votre passion<\/span><\/li><li class=\"li1\"><span class=\"s2\">aimer ce que vous faites<\/span><\/li><\/ul>\t\t\t\t\t\t\t\t<\/div>\n\t\t\t\t<\/div>\n\t\t\t\t\t<\/div>\n\t\t<\/div>\n\t\t\t\t<div class=\"elementor-column elementor-col-16 elementor-top-column elementor-element elementor-element-aszhmeg\" data-id=\"aszhmeg\" data-element_type=\"column\" data-e-type=\"column\" data-settings=\"{&quot;background_background&quot;:&quot;classic&quot;}\">\n\t\t\t<div class=\"elementor-widget-wrap\">\n\t\t\t\t\t\t\t<\/div>\n\t\t<\/div>\n\t\t\t\t\t<\/div>\n\t\t<\/section>\n\t\t\t\t<section class=\"elementor-section elementor-top-section elementor-element elementor-element-lujm6ou elementor-section-stretched elementor-section-full_width elementor-section-height-default elementor-section-height-default wpr-particle-no wpr-jarallax-no wpr-parallax-no wpr-sticky-section-no wpr-equal-height-no\" data-id=\"lujm6ou\" data-element_type=\"section\" data-e-type=\"section\" data-settings=\"{&quot;stretch_section&quot;:&quot;section-stretched&quot;,&quot;background_background&quot;:&quot;classic&quot;}\">\n\t\t\t\t\t\t\t<div class=\"elementor-background-overlay\"><\/div>\n\t\t\t\t\t\t\t<div class=\"elementor-container elementor-column-gap-default\">\n\t\t\t\t\t<div class=\"elementor-column elementor-col-16 elementor-top-column elementor-element elementor-element-doskwfq\" data-id=\"doskwfq\" data-element_type=\"column\" data-e-type=\"column\" data-settings=\"{&quot;background_background&quot;:&quot;classic&quot;}\">\n\t\t\t<div class=\"elementor-widget-wrap\">\n\t\t\t\t\t\t\t<\/div>\n\t\t<\/div>\n\t\t\t\t<div class=\"elementor-column elementor-col-66 elementor-top-column elementor-element elementor-element-5kxmw3l\" data-id=\"5kxmw3l\" data-element_type=\"column\" data-e-type=\"column\" data-settings=\"{&quot;background_background&quot;:&quot;classic&quot;}\">\n\t\t\t<div class=\"elementor-widget-wrap elementor-element-populated\">\n\t\t\t\t\t\t<div class=\"elementor-element elementor-element-df2d2bb elementor-widget elementor-widget-spacer\" data-id=\"df2d2bb\" data-element_type=\"widget\" data-e-type=\"widget\" data-widget_type=\"spacer.default\">\n\t\t\t\t<div class=\"elementor-widget-container\">\n\t\t\t\t\t\t\t<div class=\"elementor-spacer\">\n\t\t\t<div class=\"elementor-spacer-inner\"><\/div>\n\t\t<\/div>\n\t\t\t\t\t\t<\/div>\n\t\t\t\t<\/div>\n\t\t\t\t<div class=\"elementor-element elementor-element-tpe97jg elementor-widget elementor-widget-text-editor\" data-id=\"tpe97jg\" data-element_type=\"widget\" data-e-type=\"widget\" data-widget_type=\"text-editor.default\">\n\t\t\t\t<div class=\"elementor-widget-container\">\n\t\t\t\t\t\t\t\t\t<p class=\"p1\"><span class=\"s1\">Avec mon exp\u00e9rience je peux:<\/span><\/p><ul class=\"ul1\"><li class=\"li1\"><span class=\"s2\">vous aider \u00e0 identifier votre unicit\u00e9<\/span><\/li><li class=\"li1\"><span class=\"s2\">fournir des conseils de direction artistique pour votre marque personnelle<\/span><\/li><li class=\"li1\"><span class=\"s2\">construire une identit\u00e9 visuelle qui vous repr\u00e9sente vraiment<\/span><\/li><\/ul>\t\t\t\t\t\t\t\t<\/div>\n\t\t\t\t<\/div>\n\t\t\t\t<div class=\"elementor-element elementor-element-tk0vgbc elementor-align-center elementor-widget elementor-widget-button\" data-id=\"tk0vgbc\" data-element_type=\"widget\" data-e-type=\"widget\" data-widget_type=\"button.default\">\n\t\t\t\t<div class=\"elementor-widget-container\">\n\t\t\t\t\t\t\t\t\t<div class=\"elementor-button-wrapper\">\n\t\t\t\t\t<a class=\"elementor-button elementor-button-link elementor-size-sm\" href=\"https:\/\/outsidetrip.com\/fr\/seance-gratuite-en-ligne\/\">\n\t\t\t\t\t\t<span class=\"elementor-button-content-wrapper\">\n\t\t\t\t\t\t\t\t\t<span class=\"elementor-button-text\">S\u00c9ANCE GRATUITE pour commencer votre voyage!<\/span>\n\t\t\t\t\t<\/span>\n\t\t\t\t\t<\/a>\n\t\t\t\t<\/div>\n\t\t\t\t\t\t\t\t<\/div>\n\t\t\t\t<\/div>\n\t\t\t\t\t<\/div>\n\t\t<\/div>\n\t\t\t\t<div class=\"elementor-column elementor-col-16 elementor-top-column elementor-element elementor-element-sdd760m\" data-id=\"sdd760m\" data-element_type=\"column\" data-e-type=\"column\" data-settings=\"{&quot;background_background&quot;:&quot;classic&quot;}\">\n\t\t\t<div class=\"elementor-widget-wrap\">\n\t\t\t\t\t\t\t<\/div>\n\t\t<\/div>\n\t\t\t\t\t<\/div>\n\t\t<\/section>\n\t\t\t\t<\/div>\n\t\t","protected":false},"excerpt":{"rendered":"<p>Vous \u00eates unique et vous avez d\u00e9j\u00e0 ce qu&#8217;il faut pour inspirer les autres, m\u00eame si vous n&#8217;en \u00eates pas compl\u00e8tement conscients. Vous n&#8217;avez besoin que de conseils pour d\u00e9couvrir la meilleure version de vous. Je peux vous aider dans ce voyage en profondeur pour que votre marque soit le reflet de votre personnalit\u00e9 et gagne en visibilit\u00e9, contribuant ainsi \u00e0 faire la diff\u00e9rence, en rejoignant des personnes partageant les m\u00eames convictions et valeurs. Avez-vous besoin d&#8217;un coaching personnel pour d\u00e9couvrir votre potentiel? Avec quelques conseils, vous pourrez: embrasser le pouvoir qui vous fait briller et gagner en visibilit\u00e9 se d\u00e9marquer faites entendre votre message atteindre un niveau de connexion plus profond avec vos \u00e9tudiants \/ public \/ clients r\u00e9clamer la reconnaissance que vous m\u00e9ritez devenir une autorit\u00e9 respect\u00e9e dans votre domaine \u00eatre une inspiration, un mod\u00e8le faire la diff\u00e9rence en suivant votre passion aimer ce que vous faites Avec mon exp\u00e9rience je peux: vous aider \u00e0 identifier votre unicit\u00e9 fournir des conseils de direction artistique pour votre marque personnelle construire une identit\u00e9 visuelle qui vous repr\u00e9sente vraiment S\u00c9ANCE GRATUITE pour commencer votre voyage!<\/p>\n","protected":false},"author":1,"featured_media":0,"parent":0,"menu_order":0,"comment_status":"closed","ping_status":"closed","template":"elementor_header_footer","meta":{"_acf_changed":false,"footnotes":""},"class_list":["post-1037","page","type-page","status-publish","hentry"],"acf":[],"_links":{"self":[{"href":"https:\/\/outsidetrip.com\/fr\/wp-json\/wp\/v2\/pages\/1037","targetHints":{"allow":["GET"]}}],"collection":[{"href":"https:\/\/outsidetrip.com\/fr\/wp-json\/wp\/v2\/pages"}],"about":[{"href":"https:\/\/outsidetrip.com\/fr\/wp-json\/wp\/v2\/types\/page"}],"author":[{"embeddable":true,"href":"https:\/\/outsidetrip.com\/fr\/wp-json\/wp\/v2\/users\/1"}],"replies":[{"embeddable":true,"href":"https:\/\/outsidetrip.com\/fr\/wp-json\/wp\/v2\/comments?post=1037"}],"version-history":[{"count":18,"href":"https:\/\/outsidetrip.com\/fr\/wp-json\/wp\/v2\/pages\/1037\/revisions"}],"predecessor-version":[{"id":1303,"href":"https:\/\/outsidetrip.com\/fr\/wp-json\/wp\/v2\/pages\/1037\/revisions\/1303"}],"wp:attachment":[{"href":"https:\/\/outsidetrip.com\/fr\/wp-json\/wp\/v2\/media?parent=1037"}],"curies":[{"name":"wp","href":"https:\/\/api.w.org\/{rel}","templated":true}]}}