{"id":1041,"date":"2018-12-23T09:04:41","date_gmt":"2018-12-23T12:04:41","guid":{"rendered":"https:\/\/outsidetrip.com\/fr\/?page_id=1041"},"modified":"2021-09-19T15:08:21","modified_gmt":"2021-09-19T18:08:21","slug":"seance-gratuite-en-ligne","status":"publish","type":"page","link":"https:\/\/outsidetrip.com\/fr\/seance-gratuite-en-ligne\/","title":{"rendered":"S\u00c9ANCE GRATUITE EN LIGNE"},"content":{"rendered":"\t\t<div data-elementor-type=\"wp-post\" data-elementor-id=\"1041\" class=\"elementor elementor-1041\" data-elementor-post-type=\"page\">\n\t\t\t\t\t\t<section class=\"elementor-section elementor-top-section elementor-element elementor-element-phzmrjx elementor-section-stretched elementor-section-full_width elementor-section-content-top elementor-section-height-min-height elementor-section-height-default elementor-section-items-middle wpr-particle-no wpr-jarallax-no wpr-parallax-no wpr-sticky-section-no wpr-equal-height-no\" data-id=\"phzmrjx\" data-element_type=\"section\" data-e-type=\"section\" data-settings=\"{&quot;stretch_section&quot;:&quot;section-stretched&quot;,&quot;background_background&quot;:&quot;classic&quot;}\">\n\t\t\t\t\t\t\t<div class=\"elementor-background-overlay\"><\/div>\n\t\t\t\t\t\t\t<div class=\"elementor-container elementor-column-gap-default\">\n\t\t\t\t\t<div class=\"elementor-column elementor-col-16 elementor-top-column elementor-element elementor-element-vgqjcnx\" data-id=\"vgqjcnx\" data-element_type=\"column\" data-e-type=\"column\">\n\t\t\t<div class=\"elementor-widget-wrap\">\n\t\t\t\t\t\t\t<\/div>\n\t\t<\/div>\n\t\t\t\t<div class=\"elementor-column elementor-col-66 elementor-top-column elementor-element elementor-element-dkgozmk\" data-id=\"dkgozmk\" data-element_type=\"column\" data-e-type=\"column\" data-settings=\"{&quot;background_background&quot;:&quot;classic&quot;}\">\n\t\t\t<div class=\"elementor-widget-wrap elementor-element-populated\">\n\t\t\t\t\t\t<div class=\"elementor-element elementor-element-vizvqjh elementor-widget elementor-widget-text-editor\" data-id=\"vizvqjh\" data-element_type=\"widget\" data-e-type=\"widget\" data-widget_type=\"text-editor.default\">\n\t\t\t\t<div class=\"elementor-widget-container\">\n\t\t\t\t\t\t\t\t\t<p class=\"p1\"><span class=\"s1\">Parlons de vos objectifs personnels et professionnels\u2026<\/span><\/p>\t\t\t\t\t\t\t\t<\/div>\n\t\t\t\t<\/div>\n\t\t\t\t\t<\/div>\n\t\t<\/div>\n\t\t\t\t<div class=\"elementor-column elementor-col-16 elementor-top-column elementor-element elementor-element-cflzueq\" data-id=\"cflzueq\" data-element_type=\"column\" data-e-type=\"column\">\n\t\t\t<div class=\"elementor-widget-wrap\">\n\t\t\t\t\t\t\t<\/div>\n\t\t<\/div>\n\t\t\t\t\t<\/div>\n\t\t<\/section>\n\t\t\t\t<section class=\"elementor-section elementor-top-section elementor-element elementor-element-kfefcpf elementor-section-stretched elementor-section-full_width elementor-section-height-default elementor-section-height-default wpr-particle-no wpr-jarallax-no wpr-parallax-no wpr-sticky-section-no wpr-equal-height-no\" data-id=\"kfefcpf\" data-element_type=\"section\" data-e-type=\"section\" data-settings=\"{&quot;stretch_section&quot;:&quot;section-stretched&quot;,&quot;background_background&quot;:&quot;classic&quot;}\">\n\t\t\t\t\t\t\t<div class=\"elementor-background-overlay\"><\/div>\n\t\t\t\t\t\t\t<div class=\"elementor-container elementor-column-gap-default\">\n\t\t\t\t\t<div class=\"elementor-column elementor-col-16 elementor-top-column elementor-element elementor-element-nowpotu\" data-id=\"nowpotu\" data-element_type=\"column\" data-e-type=\"column\" data-settings=\"{&quot;background_background&quot;:&quot;classic&quot;}\">\n\t\t\t<div class=\"elementor-widget-wrap\">\n\t\t\t\t\t\t\t<\/div>\n\t\t<\/div>\n\t\t\t\t<div class=\"elementor-column elementor-col-66 elementor-top-column elementor-element elementor-element-sxyvywo\" data-id=\"sxyvywo\" data-element_type=\"column\" data-e-type=\"column\" data-settings=\"{&quot;background_background&quot;:&quot;classic&quot;}\">\n\t\t\t<div class=\"elementor-widget-wrap elementor-element-populated\">\n\t\t\t\t\t\t<div class=\"elementor-element elementor-element-tqsypdh elementor-widget elementor-widget-text-editor\" data-id=\"tqsypdh\" data-element_type=\"widget\" data-e-type=\"widget\" data-widget_type=\"text-editor.default\">\n\t\t\t\t<div class=\"elementor-widget-container\">\n\t\t\t\t\t\t\t\t\t<p class=\"p1\"><span class=\"s1\"><span class=\"s2\">RAISON DE CETTE S\u00c9ANCE GRATUITE<\/span><\/span><\/p>\t\t\t\t\t\t\t\t<\/div>\n\t\t\t\t<\/div>\n\t\t\t\t<div class=\"elementor-element elementor-element-koafnuw elementor-widget elementor-widget-text-editor\" data-id=\"koafnuw\" data-element_type=\"widget\" data-e-type=\"widget\" data-widget_type=\"text-editor.default\">\n\t\t\t\t<div class=\"elementor-widget-container\">\n\t\t\t\t\t\t\t\t\t<p class=\"p1\"><span class=\"s1\">Nous pouvons apprendre \u00e0 nous conna\u00eetre lors d\u2019une s\u00e9ance en ligne direct d\u2019environ 30 minutes au cours de laquelle j&#8217;analyse la situation de votre entreprise afin de voir si je suis la bonne personne pour vous aider dans votre \u00abvoyage aller-retour\u00bb.<\/span><\/p><p class=\"p1\"><span class=\"s1\">Nous parlerons alors de vos objectifs et des probl\u00e8mes de communication actuels afin de pouvoir nous concentrer sur la meilleure solution pour votre marque. Je vous ferai ainsi savoir si l&#8217;un des mes services fournis peut aider votre entreprise.<\/span><\/p><p class=\"p1\"><span class=\"s1\">&#8220;J&#8217;ai h\u00e2te de faire votre connaissance et de d\u00e9couvrir les choses merveilleuses que vous faites&#8221;.<\/span><\/p>\t\t\t\t\t\t\t\t<\/div>\n\t\t\t\t<\/div>\n\t\t\t\t\t<\/div>\n\t\t<\/div>\n\t\t\t\t<div class=\"elementor-column elementor-col-16 elementor-top-column elementor-element elementor-element-svwcozr\" data-id=\"svwcozr\" data-element_type=\"column\" data-e-type=\"column\" data-settings=\"{&quot;background_background&quot;:&quot;classic&quot;}\">\n\t\t\t<div class=\"elementor-widget-wrap\">\n\t\t\t\t\t\t\t<\/div>\n\t\t<\/div>\n\t\t\t\t\t<\/div>\n\t\t<\/section>\n\t\t\t\t<section class=\"elementor-section elementor-top-section elementor-element elementor-element-ehye0f7 elementor-section-stretched elementor-section-full_width elementor-section-height-default elementor-section-height-default wpr-particle-no wpr-jarallax-no wpr-parallax-no wpr-sticky-section-no wpr-equal-height-no\" data-id=\"ehye0f7\" data-element_type=\"section\" data-e-type=\"section\" data-settings=\"{&quot;stretch_section&quot;:&quot;section-stretched&quot;,&quot;background_background&quot;:&quot;classic&quot;}\">\n\t\t\t\t\t\t\t<div class=\"elementor-background-overlay\"><\/div>\n\t\t\t\t\t\t\t<div class=\"elementor-container elementor-column-gap-default\">\n\t\t\t\t\t<div class=\"elementor-column elementor-col-16 elementor-top-column elementor-element elementor-element-2v6yusq\" data-id=\"2v6yusq\" data-element_type=\"column\" data-e-type=\"column\" data-settings=\"{&quot;background_background&quot;:&quot;classic&quot;}\">\n\t\t\t<div class=\"elementor-widget-wrap\">\n\t\t\t\t\t\t\t<\/div>\n\t\t<\/div>\n\t\t\t\t<div class=\"elementor-column elementor-col-66 elementor-top-column elementor-element elementor-element-dqtka8o\" data-id=\"dqtka8o\" data-element_type=\"column\" data-e-type=\"column\" data-settings=\"{&quot;background_background&quot;:&quot;classic&quot;}\">\n\t\t\t<div class=\"elementor-widget-wrap elementor-element-populated\">\n\t\t\t\t\t\t<div class=\"elementor-element elementor-element-xa6q55w elementor-widget elementor-widget-text-editor\" data-id=\"xa6q55w\" data-element_type=\"widget\" data-e-type=\"widget\" data-widget_type=\"text-editor.default\">\n\t\t\t\t<div class=\"elementor-widget-container\">\n\t\t\t\t\t\t\t\t\t<p class=\"p1\"><span class=\"s1\">COMMENT POUVEZ-VOUS OBTENIR UNE S\u00c9ANCE\u00a0<\/span><span class=\"s1\">GRATUITE?<\/span><\/p>\t\t\t\t\t\t\t\t<\/div>\n\t\t\t\t<\/div>\n\t\t\t\t<div class=\"elementor-element elementor-element-9o1dvv0 elementor-widget elementor-widget-text-editor\" data-id=\"9o1dvv0\" data-element_type=\"widget\" data-e-type=\"widget\" data-widget_type=\"text-editor.default\">\n\t\t\t\t<div class=\"elementor-widget-container\">\n\t\t\t\t\t\t\t\t\t<p class=\"p1\"><span class=\"s1\">Tout d&#8217;abord, vous devez remplir une formulaire en toute honn\u00eatet\u00e9 <\/span><span class=\"s2\">afin que je puisse comprendre les particularit\u00e9s de votre marque et les solutions possibles pouvant \u00eatre appliqu\u00e9es pour la renforcer.\u00a0<\/span><\/p><p class=\"p2\"><span class=\"s2\">Ensuite je vais analyser vos besoins et si je consid\u00e8re que je peux vous aider, je vous contacterai sous\u00a0 2 \u00e0 4 jours ouvrables.<\/span><\/p>\t\t\t\t\t\t\t\t<\/div>\n\t\t\t\t<\/div>\n\t\t\t\t<div class=\"elementor-element elementor-element-plyc5lu elementor-align-center elementor-widget elementor-widget-button\" data-id=\"plyc5lu\" data-element_type=\"widget\" data-e-type=\"widget\" data-widget_type=\"button.default\">\n\t\t\t\t<div class=\"elementor-widget-container\">\n\t\t\t\t\t\t\t\t\t<div class=\"elementor-button-wrapper\">\n\t\t\t\t\t<a class=\"elementor-button elementor-button-link elementor-size-sm\" href=\"https:\/\/.outsidetrip.typeform.com\/to\/YZnfXz\" target=\"_blank\" rel=\"nofollow noopener\">\n\t\t\t\t\t\t<span class=\"elementor-button-content-wrapper\">\n\t\t\t\t\t\t\t\t\t<span class=\"elementor-button-text\">S\u00c9ANCE GRATUITE pour commencer votre voyage!<\/span>\n\t\t\t\t\t<\/span>\n\t\t\t\t\t<\/a>\n\t\t\t\t<\/div>\n\t\t\t\t\t\t\t\t<\/div>\n\t\t\t\t<\/div>\n\t\t\t\t\t<\/div>\n\t\t<\/div>\n\t\t\t\t<div class=\"elementor-column elementor-col-16 elementor-top-column elementor-element elementor-element-uzpw66p\" data-id=\"uzpw66p\" data-element_type=\"column\" data-e-type=\"column\" data-settings=\"{&quot;background_background&quot;:&quot;classic&quot;}\">\n\t\t\t<div class=\"elementor-widget-wrap\">\n\t\t\t\t\t\t\t<\/div>\n\t\t<\/div>\n\t\t\t\t\t<\/div>\n\t\t<\/section>\n\t\t\t\t<\/div>\n\t\t","protected":false},"excerpt":{"rendered":"<p>Parlons de vos objectifs personnels et professionnels\u2026 RAISON DE CETTE S\u00c9ANCE GRATUITE Nous pouvons apprendre \u00e0 nous conna\u00eetre lors d\u2019une s\u00e9ance en ligne direct d\u2019environ 30 minutes au cours de laquelle j&#8217;analyse la situation de votre entreprise afin de voir si je suis la bonne personne pour vous aider dans votre \u00abvoyage aller-retour\u00bb. Nous parlerons alors de vos objectifs et des probl\u00e8mes de communication actuels afin de pouvoir nous concentrer sur la meilleure solution pour votre marque. Je vous ferai ainsi savoir si l&#8217;un des mes services fournis peut aider votre entreprise. &#8220;J&#8217;ai h\u00e2te de faire votre connaissance et de d\u00e9couvrir les choses merveilleuses que vous faites&#8221;. COMMENT POUVEZ-VOUS OBTENIR UNE S\u00c9ANCE\u00a0GRATUITE? Tout d&#8217;abord, vous devez remplir une formulaire en toute honn\u00eatet\u00e9 afin que je puisse comprendre les particularit\u00e9s de votre marque et les solutions possibles pouvant \u00eatre appliqu\u00e9es pour la renforcer.\u00a0 Ensuite je vais analyser vos besoins et si je consid\u00e8re que je peux vous aider, je vous contacterai sous\u00a0 2 \u00e0 4 jours ouvrables. S\u00c9ANCE GRATUITE pour commencer votre voyage!<\/p>\n","protected":false},"author":1,"featured_media":0,"parent":0,"menu_order":0,"comment_status":"closed","ping_status":"closed","template":"elementor_header_footer","meta":{"_acf_changed":false,"footnotes":""},"class_list":["post-1041","page","type-page","status-publish","hentry"],"acf":[],"_links":{"self":[{"href":"https:\/\/outsidetrip.com\/fr\/wp-json\/wp\/v2\/pages\/1041","targetHints":{"allow":["GET"]}}],"collection":[{"href":"https:\/\/outsidetrip.com\/fr\/wp-json\/wp\/v2\/pages"}],"about":[{"href":"https:\/\/outsidetrip.com\/fr\/wp-json\/wp\/v2\/types\/page"}],"author":[{"embeddable":true,"href":"https:\/\/outsidetrip.com\/fr\/wp-json\/wp\/v2\/users\/1"}],"replies":[{"embeddable":true,"href":"https:\/\/outsidetrip.com\/fr\/wp-json\/wp\/v2\/comments?post=1041"}],"version-history":[{"count":22,"href":"https:\/\/outsidetrip.com\/fr\/wp-json\/wp\/v2\/pages\/1041\/revisions"}],"predecessor-version":[{"id":1264,"href":"https:\/\/outsidetrip.com\/fr\/wp-json\/wp\/v2\/pages\/1041\/revisions\/1264"}],"wp:attachment":[{"href":"https:\/\/outsidetrip.com\/fr\/wp-json\/wp\/v2\/media?parent=1041"}],"curies":[{"name":"wp","href":"https:\/\/api.w.org\/{rel}","templated":true}]}}